{"id":149,"date":"2023-09-11T16:48:05","date_gmt":"2023-09-11T20:48:05","guid":{"rendered":"https:\/\/kchcdev.wpenginepowered.com\/page-daccueil\/"},"modified":"2025-07-17T14:40:39","modified_gmt":"2025-07-17T18:40:39","slug":"sample-page","status":"publish","type":"page","link":"https:\/\/kchc.ca\/fr\/","title":{"rendered":"Accueil"},"content":{"rendered":"\n<div style=\"padding-left:3%;padding-right:3%;padding-bottom:5%;padding-top:10%;margin-bottom:2%\" class=\"wp-block-genesis-blocks-gb-container gb-block-container\"><div class=\"gb-container-inside\"><div class=\"gb-container-image-wrap\"><img decoding=\"async\" class=\"gb-container-image has-background-dim-100 has-background-dim\" src=\"https:\/\/kchc.ca\/wp-content\/uploads\/2024\/07\/KCHC-home2.jpg\" alt=\"\"\/><\/div><div class=\"gb-container-content\">\n<h1 class=\"wp-block-heading text-kchc-blue\">Bienvenue!<\/h1>\n\n\n\n<div class=\"wp-block-columns is-not-stacked-on-mobile is-layout-flex wp-container-core-columns-is-layout-9d6595d7 wp-block-columns-is-layout-flex\">\n<div class=\"wp-block-column is-layout-flow wp-block-column-is-layout-flow\">\n<p>Les Centres de sant\u00e9 communautaire de Kingston offrent une large gamme de programmes et de services, et \u00e9tablissent des relations, fournissent des soins et offrent du soutien \u00e0 notre communaut\u00e9 depuis pr\u00e8s de 40 ans.<\/p>\n<\/div>\n\n\n\n<div class=\"wp-block-column is-layout-flow wp-block-column-is-layout-flow\"><\/div>\n<\/div>\n<\/div><\/div><\/div>\n\n\n\n<div class=\"wp-block-genesis-blocks-gb-container gb-block-container\"><div class=\"gb-container-inside\"><div class=\"gb-container-content\">\n<p class=\"has-white-color has-secondary-background-color has-text-color has-background has-link-color wp-elements-d2a0126583c25865aa544e6fb814f021\">Nous faisons de notre mieux pour offrir notre contenu web en fran\u00e7ais et en anglais. Cependant, certains programmes et services ne sont pas disponibles en fran\u00e7ais. Pour savoir quels services de soins primaires sont offerts en fran\u00e7ais, visitez la page\u202f <a href=\"https:\/\/kchc.ca\/fr\/programs\/services-en-francais-en-soins-primaires\/\">Services en fran\u00e7ais dans les soins primaires.<\/a><\/p>\n<\/div><\/div><\/div>\n\n\n\n<div class=\"wp-block-genesis-blocks-gb-container mt-4 px-1 gb-block-container\"><div class=\"gb-container-inside\"><div class=\"gb-container-content\">\n<div class=\"wp-block-columns d-flex is-layout-flex wp-container-core-columns-is-layout-9d6595d7 wp-block-columns-is-layout-flex\">\n<div class=\"wp-block-column flex-grow h-100 is-layout-flow wp-block-column-is-layout-flow\">\n<h2 class=\"wp-block-heading text-kchc-blue has-primary-color has-text-color has-link-color wp-elements-93892ea16176b45990a4c4e81d050119\">Notre vision<\/h2>\n\n\n\n<figure class=\"wp-block-image size-full is-style-default\"><img loading=\"lazy\" decoding=\"async\" width=\"2020\" height=\"646\" src=\"https:\/\/kchc.ca\/wp-content\/uploads\/2024\/05\/clinic-crop.jpg\" alt=\"\" class=\"wp-image-1380\" srcset=\"https:\/\/kchc.ca\/wp-content\/uploads\/2024\/05\/clinic-crop.jpg 2020w, https:\/\/kchc.ca\/wp-content\/uploads\/2024\/05\/clinic-crop-300x96.jpg 300w, https:\/\/kchc.ca\/wp-content\/uploads\/2024\/05\/clinic-crop-1024x327.jpg 1024w, https:\/\/kchc.ca\/wp-content\/uploads\/2024\/05\/clinic-crop-768x246.jpg 768w, https:\/\/kchc.ca\/wp-content\/uploads\/2024\/05\/clinic-crop-1536x491.jpg 1536w\" sizes=\"auto, (max-width: 2020px) 100vw, 2020px\" \/><\/figure>\n\n\n\n<p class=\"text-center p-4 bg-kchc-lgrey rounded-bottom\">Une communaut\u00e9 inclusive, r\u00e9siliente et en bonne sant\u00e9.<\/p>\n<\/div>\n\n\n\n<div class=\"wp-block-column flex-grow is-layout-flow wp-block-column-is-layout-flow\">\n<h2 class=\"wp-block-heading text-kchc-blue has-primary-color has-text-color has-link-color wp-elements-90a6fca6be37944aed4d447c6695fb41\">Notre mission<\/h2>\n\n\n\n<figure class=\"wp-block-image size-full\"><img loading=\"lazy\" decoding=\"async\" width=\"2014\" height=\"645\" src=\"https:\/\/kchc.ca\/wp-content\/uploads\/2024\/05\/ohrdp-crop-1.jpg\" alt=\"\" class=\"wp-image-1369\" srcset=\"https:\/\/kchc.ca\/wp-content\/uploads\/2024\/05\/ohrdp-crop-1.jpg 2014w, https:\/\/kchc.ca\/wp-content\/uploads\/2024\/05\/ohrdp-crop-1-300x96.jpg 300w, https:\/\/kchc.ca\/wp-content\/uploads\/2024\/05\/ohrdp-crop-1-1024x328.jpg 1024w, https:\/\/kchc.ca\/wp-content\/uploads\/2024\/05\/ohrdp-crop-1-768x246.jpg 768w, https:\/\/kchc.ca\/wp-content\/uploads\/2024\/05\/ohrdp-crop-1-1536x492.jpg 1536w\" sizes=\"auto, (max-width: 2014px) 100vw, 2014px\" \/><\/figure>\n\n\n\n<p class=\"text-center p-4 bg-kchc-lgrey rounded-bottom\">\u00catre un fournisseur dynamique de services int\u00e9gr\u00e9s qui autonomisent les individus et renforcent les communaut\u00e9s.<\/p>\n<\/div>\n\n\n\n<div class=\"wp-block-column flex-grow is-layout-flow wp-block-column-is-layout-flow\">\n<h2 class=\"wp-block-heading text-kchc-blue has-primary-color has-text-color has-link-color wp-elements-5595042a9c6b2962cec84e8467f4eee8\">Nos valeurs<\/h2>\n\n\n\n<figure class=\"wp-block-image size-full\"><img loading=\"lazy\" decoding=\"async\" width=\"2014\" height=\"647\" src=\"https:\/\/kchc.ca\/wp-content\/uploads\/2024\/05\/iska-crop-2.jpg\" alt=\"\" class=\"wp-image-1378\" srcset=\"https:\/\/kchc.ca\/wp-content\/uploads\/2024\/05\/iska-crop-2.jpg 2014w, https:\/\/kchc.ca\/wp-content\/uploads\/2024\/05\/iska-crop-2-300x96.jpg 300w, https:\/\/kchc.ca\/wp-content\/uploads\/2024\/05\/iska-crop-2-1024x329.jpg 1024w, https:\/\/kchc.ca\/wp-content\/uploads\/2024\/05\/iska-crop-2-768x247.jpg 768w, https:\/\/kchc.ca\/wp-content\/uploads\/2024\/05\/iska-crop-2-1536x493.jpg 1536w\" sizes=\"auto, (max-width: 2014px) 100vw, 2014px\" \/><\/figure>\n\n\n\n<p class=\"text-center p-4 bg-kchc-lgrey rounded-bottom\">Soyez bienveillant * C\u00e9l\u00e9brez la diversit\u00e9 * Collaborez * Innovez<\/p>\n<\/div>\n<\/div>\n<\/div><\/div><\/div>\n\n\n\n<div style=\"background-color:#013154;padding-bottom:3%\" class=\"wp-block-genesis-blocks-gb-container mt-3 bg-kchc-md-blue-white  px-1 gb-block-container\"><div class=\"gb-container-inside\"><div class=\"gb-container-content\">\n<div class=\"wp-block-group  mt-4 w-100 text-white fw-light h4 bg-kchc-blue p-3 is-content-justification-center is-nowrap is-layout-flex wp-container-core-group-is-layout-94bc23d7 wp-block-group-is-layout-flex\">\n<h3 class=\"wp-block-heading\">Une communaut\u00e9 sur laquelle vous pouvez compter<\/h3>\n<\/div>\n\n\n\n<div class=\"wp-block-group px-4 pt-3 is-nowrap is-layout-flex wp-container-core-group-is-layout-ad2f72ca wp-block-group-is-layout-flex\">\n<div class=\"wp-block-columns is-layout-flex wp-container-core-columns-is-layout-9d6595d7 wp-block-columns-is-layout-flex\">\n<div class=\"wp-block-column bg-kchc-sm-blue-white bg-kchc-md-blue-white is-layout-flow wp-block-column-is-layout-flow\">\n<div class=\"wp-block-genesis-blocks-gb-container text-kchc-lblue h1 text-center gb-block-container\"><div class=\"gb-container-inside\"><div class=\"gb-container-content\">\n<h4 class=\"wp-block-heading h2 has-info-color has-text-color has-link-color wp-elements-295581eede1f81480cc5021ae547dbdf\">100+<\/h4>\n<\/div><\/div><\/div>\n\n\n\n<div class=\"wp-block-genesis-blocks-gb-container text-white text-center height3em gb-block-container\"><div class=\"gb-container-inside\"><div class=\"gb-container-content\">\n<p>Programmes, services et \u00e9v\u00e9nements communautaires.<\/p>\n<\/div><\/div><\/div>\n\n\n\n<figure class=\"wp-block-image size-full rounded\"><img loading=\"lazy\" decoding=\"async\" width=\"2032\" height=\"643\" src=\"https:\/\/kchc.ca\/wp-content\/uploads\/2024\/08\/KCHC_May30_June1_2023-109-crop-4.jpg\" alt=\"\" class=\"wp-image-2047\" srcset=\"https:\/\/kchc.ca\/wp-content\/uploads\/2024\/08\/KCHC_May30_June1_2023-109-crop-4.jpg 2032w, https:\/\/kchc.ca\/wp-content\/uploads\/2024\/08\/KCHC_May30_June1_2023-109-crop-4-300x95.jpg 300w, https:\/\/kchc.ca\/wp-content\/uploads\/2024\/08\/KCHC_May30_June1_2023-109-crop-4-1024x324.jpg 1024w, https:\/\/kchc.ca\/wp-content\/uploads\/2024\/08\/KCHC_May30_June1_2023-109-crop-4-768x243.jpg 768w, https:\/\/kchc.ca\/wp-content\/uploads\/2024\/08\/KCHC_May30_June1_2023-109-crop-4-1536x486.jpg 1536w\" sizes=\"auto, (max-width: 2032px) 100vw, 2032px\" \/><\/figure>\n\n\n\r\n\t\t\t\t\r\n\t\t<a \r\n\t\t\t\r\n\t\t\tclass=\"block-954170a2-0ffc-4028-a4c8-36abf58be019 btn areoi-has-url position-relative btn-secondary btn-lg  d-block d-sm-inline-block d-xxl-block\"\r\n\t href=\"\/fr\/programmes\" >\r\n\t\t\t\t\t\r\n\t\t\t\t\tTrouver un programme \r\n\t\t\t\t\t\r\n\t\t\t\t\t \r\n\t\t\t\t<\/a>\r\n\t\t\t<\/div>\n\n\n\n<div class=\"wp-block-column bg-kchc-sm-blue-white bg-kchc-md-blue-white is-layout-flow wp-block-column-is-layout-flow\">\n<div class=\"wp-block-genesis-blocks-gb-container text-kchc-lblue h1 text-center gb-block-container\"><div class=\"gb-container-inside\"><div class=\"gb-container-content\">\n<h4 class=\"wp-block-heading h2 has-info-color has-text-color has-link-color wp-elements-fba4e8f952764b13bac4a6f92e2b3994\">10k+<\/h4>\n<\/div><\/div><\/div>\n\n\n\n<div class=\"wp-block-genesis-blocks-gb-container text-center text-white height3em gb-block-container\"><div class=\"gb-container-inside\"><div class=\"gb-container-content\">\n<p>Membres de la communaut\u00e9 et en croissance.<\/p>\n<\/div><\/div><\/div>\n\n\n\n<figure class=\"wp-block-image size-full rounded\"><img loading=\"lazy\" decoding=\"async\" width=\"2019\" height=\"645\" src=\"https:\/\/kchc.ca\/wp-content\/uploads\/2024\/05\/penguins-crop-2-3.jpg\" alt=\"\" class=\"wp-image-1365\" srcset=\"https:\/\/kchc.ca\/wp-content\/uploads\/2024\/05\/penguins-crop-2-3.jpg 2019w, https:\/\/kchc.ca\/wp-content\/uploads\/2024\/05\/penguins-crop-2-3-300x96.jpg 300w, https:\/\/kchc.ca\/wp-content\/uploads\/2024\/05\/penguins-crop-2-3-1024x327.jpg 1024w, https:\/\/kchc.ca\/wp-content\/uploads\/2024\/05\/penguins-crop-2-3-768x245.jpg 768w, https:\/\/kchc.ca\/wp-content\/uploads\/2024\/05\/penguins-crop-2-3-1536x491.jpg 1536w\" sizes=\"auto, (max-width: 2019px) 100vw, 2019px\" \/><\/figure>\n\n\n\r\n\t\t\t\t\r\n\t\t<a \r\n\t\t\t\r\n\t\t\tclass=\"block-b226e3ae-885c-4ba6-bb52-8c208bbe5e43 btn areoi-has-url position-relative btn-secondary btn-lg  d-block d-sm-inline-block d-xxl-block\"\r\n\t href=\"\/fr\/evenements\" >\r\n\t\t\t\t\t\r\n\t\t\t\t\tVoir tous les \u00e9v\u00e9nements \u00e0 venir \r\n\t\t\t\t\t\r\n\t\t\t\t\t \r\n\t\t\t\t<\/a>\r\n\t\t\t<\/div>\n\n\n\n<div class=\"wp-block-column bg-kchc-sm-blue-white bg-kchc-md-blue-white is-layout-flow wp-block-column-is-layout-flow\">\n<div class=\"wp-block-genesis-blocks-gb-container text-kchc-lblue h1 text-center gb-block-container\"><div class=\"gb-container-inside\"><div class=\"gb-container-content\">\n<h4 class=\"wp-block-heading h2 has-info-color has-text-color has-link-color wp-elements-3a7b12f006e8fd55e4381885549372f9\">470<\/h4>\n<\/div><\/div><\/div>\n\n\n\n<div class=\"wp-block-genesis-blocks-gb-container text-white text-center height3em gb-block-container\"><div class=\"gb-container-inside\"><div class=\"gb-container-content\">\n<p>Personnel et b\u00e9n\u00e9voles souriants.<\/p>\n<\/div><\/div><\/div>\n\n\n\n<figure class=\"wp-block-image size-full rounded\"><img loading=\"lazy\" decoding=\"async\" width=\"2032\" height=\"645\" src=\"https:\/\/kchc.ca\/wp-content\/uploads\/2024\/05\/weller-front-desk-crop.jpg\" alt=\"\" class=\"wp-image-1357\" srcset=\"https:\/\/kchc.ca\/wp-content\/uploads\/2024\/05\/weller-front-desk-crop.jpg 2032w, https:\/\/kchc.ca\/wp-content\/uploads\/2024\/05\/weller-front-desk-crop-300x95.jpg 300w, https:\/\/kchc.ca\/wp-content\/uploads\/2024\/05\/weller-front-desk-crop-1024x325.jpg 1024w, https:\/\/kchc.ca\/wp-content\/uploads\/2024\/05\/weller-front-desk-crop-768x244.jpg 768w, https:\/\/kchc.ca\/wp-content\/uploads\/2024\/05\/weller-front-desk-crop-1536x488.jpg 1536w\" sizes=\"auto, (max-width: 2032px) 100vw, 2032px\" \/><\/figure>\n\n\n\r\n\t\t\t\t\r\n\t\t<a \r\n\t\t\t\r\n\t\t\tclass=\"block-f1f96fc5-f830-49f8-ab6e-7d705c26f900 btn areoi-has-url position-relative btn-secondary btn-lg  d-block d-sm-inline-block d-xxl-block\"\r\n\t href=\"https:\/\/kchc.ca\/fr\/employment\/\" >\r\n\t\t\t\t\t\r\n\t\t\t\t\tJoignez-vous \u00e0 notre \u00e9quipe \r\n\t\t\t\t\t\r\n\t\t\t\t\t \r\n\t\t\t\t<\/a>\r\n\t\t\t<\/div>\n<\/div>\n<\/div>\n<\/div><\/div><\/div>\n\n\n\n<div class=\"wp-block-genesis-blocks-gb-container p-4 gb-block-container\"><div class=\"gb-container-inside\"><div class=\"gb-container-content\">\n<div class=\"wp-block-group text-kchc-blue is-nowrap is-layout-flex wp-container-core-group-is-layout-ad2f72ca wp-block-group-is-layout-flex\">\n<h4 class=\"wp-block-heading text-kchc-blue\">Philosophie de prestation des services<\/h4>\n<\/div>\n\n\n\n<hr class=\"wp-block-separator has-text-color has-cyan-bluish-gray-color has-alpha-channel-opacity has-cyan-bluish-gray-background-color has-background is-style-wide w-100\"\/>\n\n\n\n<div class=\"wp-block-group is-nowrap is-layout-flex wp-container-core-group-is-layout-ad2f72ca wp-block-group-is-layout-flex\">\n<div class=\"wp-block-columns is-layout-flex wp-container-core-columns-is-layout-9d6595d7 wp-block-columns-is-layout-flex\">\n<div class=\"wp-block-column is-layout-flow wp-block-column-is-layout-flow\">\n<p>Kingston Community Health Centres font partie des 83 centres de sant\u00e9 communautaire de l&rsquo;Ontario. Nous nous engageons \u00e0 offrir des services ax\u00e9s sur l&rsquo;\u00e9quit\u00e9, en priorisant les besoins uniques de chaque personne que nous servons. Nous travaillons ensemble pour am\u00e9liorer la sant\u00e9 et le bien-\u00eatre, en reconnaissant le contexte large et complexe qui entoure chaque individu, y compris la famille, les amis, la communaut\u00e9, ainsi que la richesse des connexions sociales, culturelles et spirituelles.<\/p>\n\n\n\n<p>Dans ce cadre holistique, nous permettons aux personnes de fa\u00e7onner activement leurs propres exp\u00e9riences, en favorisant un sentiment de pouvoir d&rsquo;agir et une participation significative. Nous cultivons un environnement sensible aux diff\u00e9rences culturelles et \u00e9clair\u00e9 par les traumatismes, o\u00f9 la diversit\u00e9 est reconnue et c\u00e9l\u00e9br\u00e9e, tout en respectant les valeurs et croyances de chaque personne. Nous reconnaissons et nourrissons les forces individuelles, tout en favorisant un parcours collaboratif vers la croissance personnelle, l&rsquo;autonomisation et la r\u00e9silience.<\/p>\n\n\n\r\n\t\t\t\t\r\n\t\t<a \r\n\t\t\t\r\n\t\t\tclass=\"block-d0e2b9c1-5a05-4183-aa40-8e6610794d22 btn areoi-has-url position-relative py-2 px-4 btn-primary btn-lg\"\r\n\t href=\"https:\/\/kchc.ca\/wp-content\/uploads\/2024\/04\/KCHC-Strategic-Plan-2022-2025.pdf\" rel=\"noreferrer noopener\" target=\"_blank\" >\r\n\t\t\t\t\t\r\n\t\t\t\t\tPlan strat\u00e9gique 2022 &#8211; 2025 \r\n\t\t\t\t\t\r\n\t\t\t\t\t \r\n\t\t\t\t<\/a>\r\n\t\t\t\n\n\r\n\t\t\t\t\r\n\t\t<a \r\n\t\t\t\r\n\t\t\tclass=\"block-7013718a-bb69-40d0-be1a-50cc3a5f8732 btn areoi-has-url position-relative py-2 px-4 btn-secondary btn-lg\"\r\n\t href=\"https:\/\/issuu.com\/kchcpathways\/docs\/kchc_annual_report_2024-2025\" rel=\"noreferrer noopener\" target=\"_blank\" >\r\n\t\t\t\t\t\r\n\t\t\t\t\tRapport annuel 2024-2025 \r\n\t\t\t\t\t\r\n\t\t\t\t\t \r\n\t\t\t\t<\/a>\r\n\t\t\t<\/div>\n\n\n\n<div class=\"wp-block-column w-100 is-layout-flow wp-block-column-is-layout-flow\">\n<figure class=\"wp-block-image size-large img-fluid w-100 rounded\"><img loading=\"lazy\" decoding=\"async\" width=\"1024\" height=\"681\" src=\"https:\/\/kchc.ca\/wp-content\/uploads\/2024\/05\/KCHC_August_2023-087-1-1024x681.jpg\" alt=\"\" class=\"wp-image-1375\" srcset=\"https:\/\/kchc.ca\/wp-content\/uploads\/2024\/05\/KCHC_August_2023-087-1-1024x681.jpg 1024w, https:\/\/kchc.ca\/wp-content\/uploads\/2024\/05\/KCHC_August_2023-087-1-300x200.jpg 300w, https:\/\/kchc.ca\/wp-content\/uploads\/2024\/05\/KCHC_August_2023-087-1-768x511.jpg 768w, https:\/\/kchc.ca\/wp-content\/uploads\/2024\/05\/KCHC_August_2023-087-1-1536x1022.jpg 1536w, https:\/\/kchc.ca\/wp-content\/uploads\/2024\/05\/KCHC_August_2023-087-1-600x400.jpg 600w, https:\/\/kchc.ca\/wp-content\/uploads\/2024\/05\/KCHC_August_2023-087-1.jpg 2048w\" sizes=\"auto, (max-width: 1024px) 100vw, 1024px\" \/><\/figure>\n<\/div>\n<\/div>\n<\/div>\n<\/div><\/div><\/div>\n","protected":false},"excerpt":{"rendered":"","protected":false},"author":1,"featured_media":1619,"parent":0,"menu_order":0,"comment_status":"closed","ping_status":"closed","template":"","meta":{"_acf_changed":false,"footnotes":""},"class_list":["post-149","page","type-page","status-publish","has-post-thumbnail","hentry"],"acf":[],"yoast_head":"<!-- This site is optimized with the Yoast SEO plugin v27.4 - https:\/\/yoast.com\/product\/yoast-seo-wordpress\/ -->\n<title>Accueil - Centres de sant\u00e9 communautaires de Kingston<\/title>\n<meta name=\"robots\" content=\"index, follow, max-snippet:-1, max-image-preview:large, max-video-preview:-1\" \/>\n<link rel=\"canonical\" href=\"https:\/\/kchc.ca\/fr\/\" \/>\n<meta property=\"og:locale\" content=\"fr_FR\" \/>\n<meta property=\"og:type\" content=\"article\" \/>\n<meta property=\"og:title\" content=\"Accueil - Centres de sant\u00e9 communautaires de Kingston\" \/>\n<meta property=\"og:url\" content=\"https:\/\/kchc.ca\/fr\/\" \/>\n<meta property=\"og:site_name\" content=\"Centres de sant\u00e9 communautaires de Kingston\" \/>\n<meta property=\"article:publisher\" content=\"https:\/\/www.facebook.com\/KingstonCHC\/\" \/>\n<meta property=\"article:modified_time\" content=\"2025-07-17T18:40:39+00:00\" \/>\n<meta property=\"og:image\" content=\"https:\/\/kchc.ca\/wp-content\/uploads\/2024\/07\/KCHC-home1.jpg\" \/>\n\t<meta property=\"og:image:width\" content=\"2048\" \/>\n\t<meta property=\"og:image:height\" content=\"1152\" \/>\n\t<meta property=\"og:image:type\" content=\"image\/jpeg\" \/>\n<meta name=\"twitter:card\" content=\"summary_large_image\" \/>\n<meta name=\"twitter:site\" content=\"@KingstonCHC\" \/>\n<meta name=\"twitter:label1\" content=\"Dur\u00e9e de lecture estim\u00e9e\" \/>\n\t<meta name=\"twitter:data1\" content=\"4 minutes\" \/>\n<script type=\"application\/ld+json\" class=\"yoast-schema-graph\">{\"@context\":\"https:\\\/\\\/schema.org\",\"@graph\":[{\"@type\":\"WebPage\",\"@id\":\"https:\\\/\\\/kchc.ca\\\/fr\\\/\",\"url\":\"https:\\\/\\\/kchc.ca\\\/fr\\\/\",\"name\":\"Accueil - Centres de sant\u00e9 communautaires de Kingston\",\"isPartOf\":{\"@id\":\"https:\\\/\\\/kchc.ca\\\/fr\\\/#website\"},\"primaryImageOfPage\":{\"@id\":\"https:\\\/\\\/kchc.ca\\\/fr\\\/#primaryimage\"},\"image\":{\"@id\":\"https:\\\/\\\/kchc.ca\\\/fr\\\/#primaryimage\"},\"thumbnailUrl\":\"https:\\\/\\\/kchc.ca\\\/wp-content\\\/uploads\\\/2024\\\/07\\\/KCHC-home1.jpg\",\"datePublished\":\"2023-09-11T20:48:05+00:00\",\"dateModified\":\"2025-07-17T18:40:39+00:00\",\"breadcrumb\":{\"@id\":\"https:\\\/\\\/kchc.ca\\\/fr\\\/#breadcrumb\"},\"inLanguage\":\"fr-FR\",\"potentialAction\":[{\"@type\":\"ReadAction\",\"target\":[\"https:\\\/\\\/kchc.ca\\\/fr\\\/\"]}]},{\"@type\":\"ImageObject\",\"inLanguage\":\"fr-FR\",\"@id\":\"https:\\\/\\\/kchc.ca\\\/fr\\\/#primaryimage\",\"url\":\"https:\\\/\\\/kchc.ca\\\/wp-content\\\/uploads\\\/2024\\\/07\\\/KCHC-home1.jpg\",\"contentUrl\":\"https:\\\/\\\/kchc.ca\\\/wp-content\\\/uploads\\\/2024\\\/07\\\/KCHC-home1.jpg\",\"width\":2048,\"height\":1152},{\"@type\":\"BreadcrumbList\",\"@id\":\"https:\\\/\\\/kchc.ca\\\/fr\\\/#breadcrumb\",\"itemListElement\":[{\"@type\":\"ListItem\",\"position\":1,\"name\":\"Home\",\"item\":\"https:\\\/\\\/kchc.ca\\\/fr\\\/\"},{\"@type\":\"ListItem\",\"position\":2,\"name\":\"Accueil\"}]},{\"@type\":\"WebSite\",\"@id\":\"https:\\\/\\\/kchc.ca\\\/fr\\\/#website\",\"url\":\"https:\\\/\\\/kchc.ca\\\/fr\\\/\",\"name\":\"Kingston Community Health Centres\",\"description\":\"\",\"publisher\":{\"@id\":\"https:\\\/\\\/kchc.ca\\\/fr\\\/#organization\"},\"potentialAction\":[{\"@type\":\"SearchAction\",\"target\":{\"@type\":\"EntryPoint\",\"urlTemplate\":\"https:\\\/\\\/kchc.ca\\\/fr\\\/?s={search_term_string}\"},\"query-input\":{\"@type\":\"PropertyValueSpecification\",\"valueRequired\":true,\"valueName\":\"search_term_string\"}}],\"inLanguage\":\"fr-FR\"},{\"@type\":\"Organization\",\"@id\":\"https:\\\/\\\/kchc.ca\\\/fr\\\/#organization\",\"name\":\"Kingston Community Health Centres\",\"url\":\"https:\\\/\\\/kchc.ca\\\/fr\\\/\",\"logo\":{\"@type\":\"ImageObject\",\"inLanguage\":\"fr-FR\",\"@id\":\"https:\\\/\\\/kchc.ca\\\/fr\\\/#\\\/schema\\\/logo\\\/image\\\/\",\"url\":\"https:\\\/\\\/kchc.ca\\\/wp-content\\\/uploads\\\/2024\\\/06\\\/KCHC-logo.png\",\"contentUrl\":\"https:\\\/\\\/kchc.ca\\\/wp-content\\\/uploads\\\/2024\\\/06\\\/KCHC-logo.png\",\"width\":1096,\"height\":398,\"caption\":\"Kingston Community Health Centres\"},\"image\":{\"@id\":\"https:\\\/\\\/kchc.ca\\\/fr\\\/#\\\/schema\\\/logo\\\/image\\\/\"},\"sameAs\":[\"https:\\\/\\\/www.facebook.com\\\/KingstonCHC\\\/\",\"https:\\\/\\\/x.com\\\/KingstonCHC\"]}]}<\/script>\n<!-- \/ Yoast SEO plugin. -->","yoast_head_json":{"title":"Accueil - Centres de sant\u00e9 communautaires de Kingston","robots":{"index":"index","follow":"follow","max-snippet":"max-snippet:-1","max-image-preview":"max-image-preview:large","max-video-preview":"max-video-preview:-1"},"canonical":"https:\/\/kchc.ca\/fr\/","og_locale":"fr_FR","og_type":"article","og_title":"Accueil - Centres de sant\u00e9 communautaires de Kingston","og_url":"https:\/\/kchc.ca\/fr\/","og_site_name":"Centres de sant\u00e9 communautaires de Kingston","article_publisher":"https:\/\/www.facebook.com\/KingstonCHC\/","article_modified_time":"2025-07-17T18:40:39+00:00","og_image":[{"width":2048,"height":1152,"url":"https:\/\/kchc.ca\/wp-content\/uploads\/2024\/07\/KCHC-home1.jpg","type":"image\/jpeg"}],"twitter_card":"summary_large_image","twitter_site":"@KingstonCHC","twitter_misc":{"Dur\u00e9e de lecture estim\u00e9e":"4 minutes"},"schema":{"@context":"https:\/\/schema.org","@graph":[{"@type":"WebPage","@id":"https:\/\/kchc.ca\/fr\/","url":"https:\/\/kchc.ca\/fr\/","name":"Accueil - Centres de sant\u00e9 communautaires de Kingston","isPartOf":{"@id":"https:\/\/kchc.ca\/fr\/#website"},"primaryImageOfPage":{"@id":"https:\/\/kchc.ca\/fr\/#primaryimage"},"image":{"@id":"https:\/\/kchc.ca\/fr\/#primaryimage"},"thumbnailUrl":"https:\/\/kchc.ca\/wp-content\/uploads\/2024\/07\/KCHC-home1.jpg","datePublished":"2023-09-11T20:48:05+00:00","dateModified":"2025-07-17T18:40:39+00:00","breadcrumb":{"@id":"https:\/\/kchc.ca\/fr\/#breadcrumb"},"inLanguage":"fr-FR","potentialAction":[{"@type":"ReadAction","target":["https:\/\/kchc.ca\/fr\/"]}]},{"@type":"ImageObject","inLanguage":"fr-FR","@id":"https:\/\/kchc.ca\/fr\/#primaryimage","url":"https:\/\/kchc.ca\/wp-content\/uploads\/2024\/07\/KCHC-home1.jpg","contentUrl":"https:\/\/kchc.ca\/wp-content\/uploads\/2024\/07\/KCHC-home1.jpg","width":2048,"height":1152},{"@type":"BreadcrumbList","@id":"https:\/\/kchc.ca\/fr\/#breadcrumb","itemListElement":[{"@type":"ListItem","position":1,"name":"Home","item":"https:\/\/kchc.ca\/fr\/"},{"@type":"ListItem","position":2,"name":"Accueil"}]},{"@type":"WebSite","@id":"https:\/\/kchc.ca\/fr\/#website","url":"https:\/\/kchc.ca\/fr\/","name":"Kingston Community Health Centres","description":"","publisher":{"@id":"https:\/\/kchc.ca\/fr\/#organization"},"potentialAction":[{"@type":"SearchAction","target":{"@type":"EntryPoint","urlTemplate":"https:\/\/kchc.ca\/fr\/?s={search_term_string}"},"query-input":{"@type":"PropertyValueSpecification","valueRequired":true,"valueName":"search_term_string"}}],"inLanguage":"fr-FR"},{"@type":"Organization","@id":"https:\/\/kchc.ca\/fr\/#organization","name":"Kingston Community Health Centres","url":"https:\/\/kchc.ca\/fr\/","logo":{"@type":"ImageObject","inLanguage":"fr-FR","@id":"https:\/\/kchc.ca\/fr\/#\/schema\/logo\/image\/","url":"https:\/\/kchc.ca\/wp-content\/uploads\/2024\/06\/KCHC-logo.png","contentUrl":"https:\/\/kchc.ca\/wp-content\/uploads\/2024\/06\/KCHC-logo.png","width":1096,"height":398,"caption":"Kingston Community Health Centres"},"image":{"@id":"https:\/\/kchc.ca\/fr\/#\/schema\/logo\/image\/"},"sameAs":["https:\/\/www.facebook.com\/KingstonCHC\/","https:\/\/x.com\/KingstonCHC"]}]}},"featured_image_src":"https:\/\/kchc.ca\/wp-content\/uploads\/2024\/07\/KCHC-home1-600x400.jpg","featured_image_src_square":"https:\/\/kchc.ca\/wp-content\/uploads\/2024\/07\/KCHC-home1-600x600.jpg","_links":{"self":[{"href":"https:\/\/kchc.ca\/fr\/wp-json\/wp\/v2\/pages\/149","targetHints":{"allow":["GET"]}}],"collection":[{"href":"https:\/\/kchc.ca\/fr\/wp-json\/wp\/v2\/pages"}],"about":[{"href":"https:\/\/kchc.ca\/fr\/wp-json\/wp\/v2\/types\/page"}],"author":[{"embeddable":true,"href":"https:\/\/kchc.ca\/fr\/wp-json\/wp\/v2\/users\/1"}],"replies":[{"embeddable":true,"href":"https:\/\/kchc.ca\/fr\/wp-json\/wp\/v2\/comments?post=149"}],"version-history":[{"count":17,"href":"https:\/\/kchc.ca\/fr\/wp-json\/wp\/v2\/pages\/149\/revisions"}],"predecessor-version":[{"id":4257,"href":"https:\/\/kchc.ca\/fr\/wp-json\/wp\/v2\/pages\/149\/revisions\/4257"}],"wp:featuredmedia":[{"embeddable":true,"href":"https:\/\/kchc.ca\/fr\/wp-json\/wp\/v2\/media\/1619"}],"wp:attachment":[{"href":"https:\/\/kchc.ca\/fr\/wp-json\/wp\/v2\/media?parent=149"}],"curies":[{"name":"wp","href":"https:\/\/api.w.org\/{rel}","templated":true}]}}