{"id":3342,"date":"2024-02-10T19:27:26","date_gmt":"2024-02-11T00:27:26","guid":{"rendered":"https:\/\/kchc.ca\/?page_id=3342"},"modified":"2025-04-28T15:36:01","modified_gmt":"2025-04-28T19:36:01","slug":"conseil-dadministration","status":"publish","type":"page","link":"https:\/\/kchc.ca\/fr\/a-propos-de-nous\/conseil-dadministration\/","title":{"rendered":"Conseil d&rsquo;administration"},"content":{"rendered":"\n<p>Le r\u00f4le du conseil d&rsquo;administration est d&rsquo;\u00e9tablir et de revoir r\u00e9guli\u00e8rement les orientations strat\u00e9giques de l&rsquo;organisation, de veiller \u00e0 ce que les politiques et les proc\u00e9dures soient en place pour permettre \u00e0 l&rsquo;organisation de mener \u00e0 bien sa mission, sa vision et ses valeurs, et de s&rsquo;assurer que l&rsquo;organisation respecte la l\u00e9gislation.<\/p>\n\n<h2 class=\"wp-block-heading\">Conseil d&rsquo;administration 2024-2025<\/h2>\n\n<p><strong>Pr\u00e9sidente <\/strong>&#8211; Catherine Isaacs<br\/><strong>Vice-pr\u00e9sident<\/strong> &#8211; Marc Goudie<br\/><strong>Tr\u00e9sorier<\/strong> &#8211; Alec Ross<br\/><strong>Secr\u00e9taire<\/strong> &#8211; Pamela Paterson<br\/><strong>Directeurs <\/strong>&#8211; Maha Othman, Marie-Line Jobin, Joelle Gingras, Raymonde Degbey, Melanie Walker, Ningjing Zhang, Radha Pooran, Anna Johnson, Marie Jo Cleghorn, Michael Judd<\/p>\n\n<p>Les demandes g\u00e9n\u00e9rales concernant le conseil d&rsquo;administration peuvent \u00eatre envoy\u00e9es \u00e0 <a href=\"mailto:info@kchc.ca\">info@kchc.ca<\/a>.<\/p>\n\n<p><strong><em>Comment postuler ?<\/em><\/strong><\/p>\n\n<p>Nous cherchons actuellement \u00e0 obtenir une d\u00e9signation partielle de langue fran\u00e7aise pour notre clinique m\u00e9dicale et nous invitons les membres de la communaut\u00e9 francophone \u00e0 poser leur candidature. Nous accueillons \u00e9galement les candidatures de personnes appartenant \u00e0 des groupes en qu\u00eate d&rsquo;\u00e9quit\u00e9, tels que les minorit\u00e9s racialis\u00e9es\/visibles, les peuples autochtones, les personnes handicap\u00e9es, les personnes s&rsquo;identifiant \u00e0 la communaut\u00e9 2SLGBTQIA+ et d&rsquo;autres personnes qui refl\u00e8tent la diversit\u00e9 de la soci\u00e9t\u00e9 canadienne. <\/p>\n\n<p>Pour plus d&rsquo;informations sur la fa\u00e7on de devenir membre du conseil d&rsquo;administration, y compris si vous avez besoin d&rsquo;un am\u00e9nagement pour participer pleinement au processus de candidature, veuillez nous contacter \u00e0 l&rsquo;adresse suivante <a href=\"mailto:info@kchc.ca\">: info@kchc.ca<\/a>.<\/p>\n","protected":false},"excerpt":{"rendered":"<p>Le r\u00f4le du conseil d&rsquo;administration est d&rsquo;\u00e9tablir et de revoir r\u00e9guli\u00e8rement les orientations strat\u00e9giques de l&rsquo;organisation, de veiller \u00e0 ce que les politiques et les proc\u00e9dures soient en place pour permettre \u00e0 l&rsquo;organisation de mener \u00e0 bien sa mission, sa vision et ses valeurs, et de s&rsquo;assurer que l&rsquo;organisation respecte la l\u00e9gislation.<\/p>\n","protected":false},"author":1,"featured_media":0,"parent":152,"menu_order":0,"comment_status":"closed","ping_status":"closed","template":"","meta":{"_acf_changed":false,"footnotes":""},"class_list":["post-3342","page","type-page","status-publish","hentry"],"acf":[],"yoast_head":"<!-- This site is optimized with the Yoast SEO plugin v27.3 - https:\/\/yoast.com\/product\/yoast-seo-wordpress\/ -->\n<title>Conseil d&#039;administration - Centres de sant\u00e9 communautaires de Kingston<\/title>\n<meta name=\"robots\" content=\"index, follow, max-snippet:-1, max-image-preview:large, max-video-preview:-1\" \/>\n<link rel=\"canonical\" href=\"https:\/\/kchc.ca\/fr\/a-propos-de-nous\/conseil-dadministration\/\" \/>\n<meta property=\"og:locale\" content=\"fr_FR\" \/>\n<meta property=\"og:type\" content=\"article\" \/>\n<meta property=\"og:title\" content=\"Conseil d&#039;administration - Centres de sant\u00e9 communautaires de Kingston\" \/>\n<meta property=\"og:description\" content=\"Le r\u00f4le du conseil d&#039;administration est d&#039;\u00e9tablir et de revoir r\u00e9guli\u00e8rement les orientations strat\u00e9giques de l&#039;organisation, de veiller \u00e0 ce que les politiques et les proc\u00e9dures soient en place pour permettre \u00e0 l&#039;organisation de mener \u00e0 bien sa mission, sa vision et ses valeurs, et de s&#039;assurer que l&#039;organisation respecte la l\u00e9gislation.\" \/>\n<meta property=\"og:url\" content=\"https:\/\/kchc.ca\/fr\/a-propos-de-nous\/conseil-dadministration\/\" \/>\n<meta property=\"og:site_name\" content=\"Centres de sant\u00e9 communautaires de Kingston\" \/>\n<meta property=\"article:publisher\" content=\"https:\/\/www.facebook.com\/KingstonCHC\/\" \/>\n<meta property=\"article:modified_time\" content=\"2025-04-28T19:36:01+00:00\" \/>\n<meta name=\"twitter:card\" content=\"summary_large_image\" \/>\n<meta name=\"twitter:site\" content=\"@KingstonCHC\" \/>\n<meta name=\"twitter:label1\" content=\"Dur\u00e9e de lecture estim\u00e9e\" \/>\n\t<meta name=\"twitter:data1\" content=\"1 minute\" \/>\n<script type=\"application\/ld+json\" class=\"yoast-schema-graph\">{\"@context\":\"https:\\\/\\\/schema.org\",\"@graph\":[{\"@type\":\"WebPage\",\"@id\":\"https:\\\/\\\/kchc.ca\\\/fr\\\/a-propos-de-nous\\\/conseil-dadministration\\\/\",\"url\":\"https:\\\/\\\/kchc.ca\\\/fr\\\/a-propos-de-nous\\\/conseil-dadministration\\\/\",\"name\":\"Conseil d'administration - Centres de sant\u00e9 communautaires de Kingston\",\"isPartOf\":{\"@id\":\"https:\\\/\\\/kchc.ca\\\/fr\\\/#website\"},\"datePublished\":\"2024-02-11T00:27:26+00:00\",\"dateModified\":\"2025-04-28T19:36:01+00:00\",\"breadcrumb\":{\"@id\":\"https:\\\/\\\/kchc.ca\\\/fr\\\/a-propos-de-nous\\\/conseil-dadministration\\\/#breadcrumb\"},\"inLanguage\":\"fr-FR\",\"potentialAction\":[{\"@type\":\"ReadAction\",\"target\":[\"https:\\\/\\\/kchc.ca\\\/fr\\\/a-propos-de-nous\\\/conseil-dadministration\\\/\"]}]},{\"@type\":\"BreadcrumbList\",\"@id\":\"https:\\\/\\\/kchc.ca\\\/fr\\\/a-propos-de-nous\\\/conseil-dadministration\\\/#breadcrumb\",\"itemListElement\":[{\"@type\":\"ListItem\",\"position\":1,\"name\":\"Home\",\"item\":\"https:\\\/\\\/kchc.ca\\\/fr\\\/\"},{\"@type\":\"ListItem\",\"position\":2,\"name\":\"\u00c0 propos de nous\",\"item\":\"https:\\\/\\\/kchc.ca\\\/fr\\\/about-us\\\/\"},{\"@type\":\"ListItem\",\"position\":3,\"name\":\"Conseil d&#8217;administration\"}]},{\"@type\":\"WebSite\",\"@id\":\"https:\\\/\\\/kchc.ca\\\/fr\\\/#website\",\"url\":\"https:\\\/\\\/kchc.ca\\\/fr\\\/\",\"name\":\"Kingston Community Health Centres\",\"description\":\"\",\"publisher\":{\"@id\":\"https:\\\/\\\/kchc.ca\\\/fr\\\/#organization\"},\"potentialAction\":[{\"@type\":\"SearchAction\",\"target\":{\"@type\":\"EntryPoint\",\"urlTemplate\":\"https:\\\/\\\/kchc.ca\\\/fr\\\/?s={search_term_string}\"},\"query-input\":{\"@type\":\"PropertyValueSpecification\",\"valueRequired\":true,\"valueName\":\"search_term_string\"}}],\"inLanguage\":\"fr-FR\"},{\"@type\":\"Organization\",\"@id\":\"https:\\\/\\\/kchc.ca\\\/fr\\\/#organization\",\"name\":\"Kingston Community Health Centres\",\"url\":\"https:\\\/\\\/kchc.ca\\\/fr\\\/\",\"logo\":{\"@type\":\"ImageObject\",\"inLanguage\":\"fr-FR\",\"@id\":\"https:\\\/\\\/kchc.ca\\\/fr\\\/#\\\/schema\\\/logo\\\/image\\\/\",\"url\":\"https:\\\/\\\/kchc.ca\\\/wp-content\\\/uploads\\\/2024\\\/06\\\/KCHC-logo.png\",\"contentUrl\":\"https:\\\/\\\/kchc.ca\\\/wp-content\\\/uploads\\\/2024\\\/06\\\/KCHC-logo.png\",\"width\":1096,\"height\":398,\"caption\":\"Kingston Community Health Centres\"},\"image\":{\"@id\":\"https:\\\/\\\/kchc.ca\\\/fr\\\/#\\\/schema\\\/logo\\\/image\\\/\"},\"sameAs\":[\"https:\\\/\\\/www.facebook.com\\\/KingstonCHC\\\/\",\"https:\\\/\\\/x.com\\\/KingstonCHC\"]}]}<\/script>\n<!-- \/ Yoast SEO plugin. -->","yoast_head_json":{"title":"Conseil d'administration - Centres de sant\u00e9 communautaires de Kingston","robots":{"index":"index","follow":"follow","max-snippet":"max-snippet:-1","max-image-preview":"max-image-preview:large","max-video-preview":"max-video-preview:-1"},"canonical":"https:\/\/kchc.ca\/fr\/a-propos-de-nous\/conseil-dadministration\/","og_locale":"fr_FR","og_type":"article","og_title":"Conseil d'administration - Centres de sant\u00e9 communautaires de Kingston","og_description":"Le r\u00f4le du conseil d'administration est d'\u00e9tablir et de revoir r\u00e9guli\u00e8rement les orientations strat\u00e9giques de l'organisation, de veiller \u00e0 ce que les politiques et les proc\u00e9dures soient en place pour permettre \u00e0 l'organisation de mener \u00e0 bien sa mission, sa vision et ses valeurs, et de s'assurer que l'organisation respecte la l\u00e9gislation.","og_url":"https:\/\/kchc.ca\/fr\/a-propos-de-nous\/conseil-dadministration\/","og_site_name":"Centres de sant\u00e9 communautaires de Kingston","article_publisher":"https:\/\/www.facebook.com\/KingstonCHC\/","article_modified_time":"2025-04-28T19:36:01+00:00","twitter_card":"summary_large_image","twitter_site":"@KingstonCHC","twitter_misc":{"Dur\u00e9e de lecture estim\u00e9e":"1 minute"},"schema":{"@context":"https:\/\/schema.org","@graph":[{"@type":"WebPage","@id":"https:\/\/kchc.ca\/fr\/a-propos-de-nous\/conseil-dadministration\/","url":"https:\/\/kchc.ca\/fr\/a-propos-de-nous\/conseil-dadministration\/","name":"Conseil d'administration - Centres de sant\u00e9 communautaires de Kingston","isPartOf":{"@id":"https:\/\/kchc.ca\/fr\/#website"},"datePublished":"2024-02-11T00:27:26+00:00","dateModified":"2025-04-28T19:36:01+00:00","breadcrumb":{"@id":"https:\/\/kchc.ca\/fr\/a-propos-de-nous\/conseil-dadministration\/#breadcrumb"},"inLanguage":"fr-FR","potentialAction":[{"@type":"ReadAction","target":["https:\/\/kchc.ca\/fr\/a-propos-de-nous\/conseil-dadministration\/"]}]},{"@type":"BreadcrumbList","@id":"https:\/\/kchc.ca\/fr\/a-propos-de-nous\/conseil-dadministration\/#breadcrumb","itemListElement":[{"@type":"ListItem","position":1,"name":"Home","item":"https:\/\/kchc.ca\/fr\/"},{"@type":"ListItem","position":2,"name":"\u00c0 propos de nous","item":"https:\/\/kchc.ca\/fr\/about-us\/"},{"@type":"ListItem","position":3,"name":"Conseil d&#8217;administration"}]},{"@type":"WebSite","@id":"https:\/\/kchc.ca\/fr\/#website","url":"https:\/\/kchc.ca\/fr\/","name":"Kingston Community Health Centres","description":"","publisher":{"@id":"https:\/\/kchc.ca\/fr\/#organization"},"potentialAction":[{"@type":"SearchAction","target":{"@type":"EntryPoint","urlTemplate":"https:\/\/kchc.ca\/fr\/?s={search_term_string}"},"query-input":{"@type":"PropertyValueSpecification","valueRequired":true,"valueName":"search_term_string"}}],"inLanguage":"fr-FR"},{"@type":"Organization","@id":"https:\/\/kchc.ca\/fr\/#organization","name":"Kingston Community Health Centres","url":"https:\/\/kchc.ca\/fr\/","logo":{"@type":"ImageObject","inLanguage":"fr-FR","@id":"https:\/\/kchc.ca\/fr\/#\/schema\/logo\/image\/","url":"https:\/\/kchc.ca\/wp-content\/uploads\/2024\/06\/KCHC-logo.png","contentUrl":"https:\/\/kchc.ca\/wp-content\/uploads\/2024\/06\/KCHC-logo.png","width":1096,"height":398,"caption":"Kingston Community Health Centres"},"image":{"@id":"https:\/\/kchc.ca\/fr\/#\/schema\/logo\/image\/"},"sameAs":["https:\/\/www.facebook.com\/KingstonCHC\/","https:\/\/x.com\/KingstonCHC"]}]}},"featured_image_src":null,"featured_image_src_square":null,"_links":{"self":[{"href":"https:\/\/kchc.ca\/fr\/wp-json\/wp\/v2\/pages\/3342","targetHints":{"allow":["GET"]}}],"collection":[{"href":"https:\/\/kchc.ca\/fr\/wp-json\/wp\/v2\/pages"}],"about":[{"href":"https:\/\/kchc.ca\/fr\/wp-json\/wp\/v2\/types\/page"}],"author":[{"embeddable":true,"href":"https:\/\/kchc.ca\/fr\/wp-json\/wp\/v2\/users\/1"}],"replies":[{"embeddable":true,"href":"https:\/\/kchc.ca\/fr\/wp-json\/wp\/v2\/comments?post=3342"}],"version-history":[{"count":3,"href":"https:\/\/kchc.ca\/fr\/wp-json\/wp\/v2\/pages\/3342\/revisions"}],"predecessor-version":[{"id":3687,"href":"https:\/\/kchc.ca\/fr\/wp-json\/wp\/v2\/pages\/3342\/revisions\/3687"}],"up":[{"embeddable":true,"href":"https:\/\/kchc.ca\/fr\/wp-json\/wp\/v2\/pages\/152"}],"wp:attachment":[{"href":"https:\/\/kchc.ca\/fr\/wp-json\/wp\/v2\/media?parent=3342"}],"curies":[{"name":"wp","href":"https:\/\/api.w.org\/{rel}","templated":true}]}}