{"id":3493,"date":"2024-02-10T19:10:43","date_gmt":"2024-02-11T00:10:43","guid":{"rendered":"https:\/\/kchc.ca\/a-propos-de-nous\/lhistoire\/"},"modified":"2025-04-14T05:21:54","modified_gmt":"2025-04-14T09:21:54","slug":"lhistoire","status":"publish","type":"page","link":"https:\/\/kchc.ca\/fr\/a-propos-de-nous\/lhistoire\/","title":{"rendered":"L&rsquo;histoire"},"content":{"rendered":"\n<h2 class=\"wp-block-heading\">1986<\/h2>\n\n<p>En 1986, un groupe de travail compos\u00e9 de membres de la communaut\u00e9, de repr\u00e9sentants du conseil de sant\u00e9 du district local et de l&rsquo;universit\u00e9 Queen&rsquo;s a \u00e9t\u00e9 form\u00e9 pour \u00e9laborer une proposition de centre de sant\u00e9 communautaire \u00e0 North Kingston. North Kingston a \u00e9t\u00e9 d\u00e9fini comme la zone situ\u00e9e entre Princess Street et l&rsquo;autoroute 401, et \u00e0 l&rsquo;est de Leroy Grant Drive jusqu&rsquo;\u00e0 la rivi\u00e8re Cataraqui, avec une population d&rsquo;environ 24 000 habitants. <\/p>\n\n<h2 class=\"wp-block-heading\">1988<\/h2>\n\n<p>Le financement a \u00e9t\u00e9 approuv\u00e9 en 1988 et le North Kingston Community Health Centre (NKCHC) a ouvert ses portes en octobre 1988 avec un personnel de huit personnes.<\/p>\n\n<h2 class=\"wp-block-heading\">1990<\/h2>\n\n<p>En 1990, SHC est pass\u00e9 d&rsquo;un programme de sensibilisation \u00e0 l&rsquo;\u00e9change de seringues, au traitement \u00e0 la m\u00e9thadone et, enfin, \u00e0 un mod\u00e8le plus complet en r\u00e9ponse aux besoins identifi\u00e9s au sein de la communaut\u00e9.<\/p>\n\n<h2 class=\"wp-block-heading\">1992<\/h2>\n\n<p>En 1992, le NKCHC a re\u00e7u des fonds pour \u00e9largir son champ d&rsquo;action sur les jeunes enfants en parrainant le programme Better Beginnings for Kingston Children. Il s&rsquo;agissait d&rsquo;un projet de d\u00e9monstration de cinq ans visant \u00e0 \u00e9valuer les effets \u00e0 long terme de la pr\u00e9vention pr\u00e9coce et du soutien familial\/communautaire sur le d\u00e9veloppement sain des enfants vivant \u00e0 North Kingston. <\/p>\n\n<p>\u00ab\u00a0Keep Six\u00a0\u00bb, un programme d&rsquo;\u00e9change de seringues, a \u00e9t\u00e9 mis en place sous l&rsquo;\u00e9gide du service de sant\u00e9 local, et le SHC a \u00e9t\u00e9 plac\u00e9 sous l&rsquo;\u00e9gide du service de sant\u00e9 Kingston Frontenac Lennox &amp; Addington. D\u00e8s le d\u00e9but du partenariat avec SHC, il est devenu \u00e9vident qu&rsquo;un mod\u00e8le de CSC \u00e9tait mieux adapt\u00e9 aux clients de SHC. <\/p>\n\n<h2 class=\"wp-block-heading\">1997<\/h2>\n\n<p>Le BBKC a commenc\u00e9 \u00e0 offrir une gamme compl\u00e8te de programmes aux familles vivant \u00e0 North Kingston.<\/p>\n\n<h2 class=\"wp-block-heading\">2000<\/h2>\n\n<p>Au d\u00e9but de l&rsquo;ann\u00e9e 2000, le NKCHC a d\u00e9tach\u00e9 une infirmi\u00e8re praticienne aupr\u00e8s d&rsquo;un projet de partenariat, le Street Health Centre (SHC). \u00c0 l&rsquo;origine, le SHC a \u00e9t\u00e9 cr\u00e9\u00e9 au sein d&rsquo;une organisation de lutte contre le sida, sous la forme d&rsquo;un programme d&rsquo;\u00e9ducation \u00e0 la sant\u00e9. <\/p>\n\n<h2 class=\"wp-block-heading\">2004<\/h2>\n\n<p>Financement approuv\u00e9 pour que le Street Health Centre devienne un satellite du NKCHC.<\/p>\n\n<h2 class=\"wp-block-heading\">2005<\/h2>\n\n<p>Au d\u00e9but de l&rsquo;ann\u00e9e 2005, le conseil d&rsquo;administration a \u00e9labor\u00e9 un nouveau plan strat\u00e9gique qui reconna\u00eet que les activit\u00e9s de l&rsquo;organisation ne se limitent plus \u00e0 North Kingston. C&rsquo;est particuli\u00e8rement vrai pour le travail effectu\u00e9 au niveau des syst\u00e8mes afin de modifier les d\u00e9terminants de la sant\u00e9. En m\u00eame temps, chaque site se concentre sur des populations sp\u00e9cifiques et poss\u00e8de une culture unique. Le conseil d&rsquo;administration a d\u00e9cid\u00e9 de changer la raison sociale en Kingston Community Health Centres.   <\/p>\n\n<h2 class=\"wp-block-heading\">2006<\/h2>\n\n<p>Le Programme ontarien de distribution de r\u00e9duction des risques (OHRDP) et les Immigrant Services Kingston Area (ISKA) ont \u00e9t\u00e9 ajout\u00e9s au KCHC en juillet et en octobre 2006.<\/p>\n\n<h2 class=\"wp-block-heading\">2008<\/h2>\n\n<p>Le Napanee &amp; Area CHC a re\u00e7u un budget pr\u00e9-op\u00e9rationnel en tant que satellite du KCHC.<\/p>\n\n<h2 class=\"wp-block-heading\">2009<\/h2>\n\n<p>La NACHC a obtenu un financement pour une infirmi\u00e8re praticienne autochtone (INP)<\/p>\n\n<p>Le Partenariat pour l&rsquo;immigration de Kingston (KIP) a \u00e9t\u00e9 int\u00e9gr\u00e9 au KCHC.<\/p>\n\n<p>Ouverture officielle de la CNACH.<\/p>\n\n<h2 class=\"wp-block-heading\">2010<\/h2>\n\n<p>Le programme Pathways to Education (P2E) a \u00e9t\u00e9 lanc\u00e9 et a accueilli la premi\u00e8re cohorte d&rsquo;\u00e9l\u00e8ves de 9e ann\u00e9e.<\/p>\n\n<h2 class=\"wp-block-heading\">2011<\/h2>\n\n<p>L&rsquo;INP a propos\u00e9 Asemma (tabac) aux a\u00een\u00e9s pour les guider dans la r\u00e9ponse \u00e0 la question suivante : \u00ab\u00a0Comment une organisation non autochtone peut-elle offrir des services de sant\u00e9 \u00e0 une communaut\u00e9 autochtone ?<\/p>\n\n<p>Ouverture d&rsquo;une clinique dentaire sur le site de Weller pour offrir des soins aux enfants et aux jeunes dans le cadre du programme Sourires en sant\u00e9 Ontario.<\/p>\n\n<h2 class=\"wp-block-heading\">2012<\/h2>\n\n<p>Quatre cercles de vision auxquels ont particip\u00e9 des membres des communaut\u00e9s de Kingston, Napanee et Deseronto (2 cercles \u00e0 Kingston et 2 cercles \u00e0 Deseronto). Le cercle de vision a d\u00e9termin\u00e9 les activit\u00e9s du programme de sant\u00e9 autochtone (c\u00e9r\u00e9monie, sur la terre, activit\u00e9s culturelles pour la gu\u00e9rison et le bien-\u00eatre, cercles d&rsquo;enseignement, acc\u00e8s aux a\u00een\u00e9s, gardiens du savoir, approche inclusive). <\/p>\n\n<p>Cr\u00e9ation d&rsquo;un nouveau poste de consultant pour le programme de sant\u00e9 autochtone.<\/p>\n\n<h2 class=\"wp-block-heading\">2013<\/h2>\n\n<p>Le Conseil de la sant\u00e9 indig\u00e8ne a \u00e9t\u00e9 cr\u00e9\u00e9 pour coordonner la gu\u00e9rison et le bien-\u00eatre dans les communaut\u00e9s indig\u00e8nes r\u00e9gionales.  <\/p>\n\n<p>Le KCHC a cr\u00e9\u00e9 un poste de travailleur en d\u00e9veloppement communautaire autochtone afin d&rsquo;apporter un soutien aux communaut\u00e9s autochtones urbaines dans toute la r\u00e9gion.<\/p>\n\n<p>Lancement du programme r\u00e9gional de t\u00e9l\u00e9m\u00e9decine, dont l&rsquo;objectif est d&rsquo;am\u00e9liorer l&rsquo;acc\u00e8s des patients aux services m\u00e9dicaux gr\u00e2ce \u00e0 la technologie de la vid\u00e9oconf\u00e9rence.<\/p>\n\n<p>Lancement de Thrive, un nouveau programme r\u00e9gional offrant un soutien individuel aux femmes enceintes d\u00e9pendantes aux opio\u00efdes et aux m\u00e8res d&rsquo;enfants de moins de six ans. <\/p>\n\n<h2 class=\"wp-block-heading\">2014<\/h2>\n\n<p>La Clinique de la tension art\u00e9rielle autochtone et les cercles de tambours ont \u00e9t\u00e9 lanc\u00e9s pour fournir un soutien et une \u00e9ducation culturellement adapt\u00e9s aux communaut\u00e9s autochtones. <\/p>\n\n<p>Avec le nouveau b\u00e2timent situ\u00e9 au 263 Weller, KCHC a pu offrir un espace pour les r\u00e9unions du CI, la Journ\u00e9e de bien-\u00eatre autochtone, le Nid linguistique, les ateliers de tannage, le Sweat Lodge et les c\u00e9r\u00e9monies.<\/p>\n\n<p>Le titre de Consultant en programme de sant\u00e9 autochtone a \u00e9t\u00e9 modifi\u00e9 en Personne de m\u00e9decine autochtone.<\/p>\n\n<p>La clinique dentaire d&rsquo;urgence du LHIN a commenc\u00e9 \u00e0 fonctionner \u00e0 Weller, destin\u00e9e aux adultes \u00e0 faible revenu au sein de notre communaut\u00e9, y compris, mais sans s&rsquo;y limiter, les personnes recevant l&rsquo;Ontario Works (OW), le Programme de soutien \u00e0 la personne handicap\u00e9e de l&rsquo;Ontario (ODSP), le NIHB, ou celles n&rsquo;ayant pas ou ayant des avantages limit\u00e9s.<\/p>\n\n<p>Le programme P2E a accueilli une cohorte compl\u00e8te d&rsquo;\u00e9tudiants, de la 9e \u00e0 la 12e ann\u00e9e. La premi\u00e8re promotion des \u00e9tudiants P2E a dipl\u00f4m\u00e9 avec un taux de diplomation de 93 %. <\/p>\n\n<p>Le nouveau b\u00e2timent de KCHC au 263, avenue Weller a \u00e9t\u00e9 achev\u00e9, et cinq sites distincts ont d\u00e9m\u00e9nag\u00e9 dans le nouveau b\u00e2timent en mai et juin.<\/p>\n\n<h2 class=\"wp-block-heading\">2016<\/h2>\n\n<p>Lors de la construction du Napanee Area Community Health Centre, le Conseil de sant\u00e9 autochtone a con\u00e7u le Cedar Lodge, un espace sp\u00e9cifiquement r\u00e9serv\u00e9 aux communaut\u00e9s autochtones.<\/p>\n\n<p>Le nouveau b\u00e2timent du Street Health Centre (SHC) a \u00e9t\u00e9 achev\u00e9 et ouvert au 115 Barrack St.<\/p>\n\n<p>Le nouveau b\u00e2timent du Napanee Area Community Health Centre (NACHC) a \u00e9t\u00e9 achev\u00e9 et ouvert, y compris des salles de soins dentaires, au 26 Dundas St. W.<\/p>\n\n<h2 class=\"wp-block-heading\">2017<\/h2>\n\n<p>Lancement du programme RAAM (m\u00e9decine d&rsquo;acc\u00e8s rapide aux addictions), un programme pour soutenir l&rsquo;acc\u00e8s le jour m\u00eame \u00e0 l&rsquo;\u00e9valuation et au traitement des d\u00e9pendances, au site de Barrack.<\/p>\n\n<h2 class=\"wp-block-heading\">2018<\/h2>\n\n<p>Le site de pr\u00e9vention des opio\u00efdes a ouvert en 2018, puis a \u00e9t\u00e9 transform\u00e9 en ce qui est maintenant appel\u00e9 le Service de traitement de consommation (CTS).<\/p>\n\n<p>La formation de l&rsquo;\u00e9quipe interprofessionnelle de soins primaires pour fournir des services de sant\u00e9 connexes aux m\u00e9decins dans les comt\u00e9s de Frontenac, Lennox et Addington.<\/p>\n\n<p>Le minist\u00e8re de l&rsquo;\u00c9ducation a fusionn\u00e9 Better Beginnings Better Futures, les Centres ontariens pour les premi\u00e8res ann\u00e9es et les Centres de litt\u00e9ratie parentale et familiale pour cr\u00e9er les Centres EarlyON. KCHC a pr\u00e9sent\u00e9 une demande pour offrir des programmes EarlyON localement et a r\u00e9ussi, en transf\u00e9rant les programmes \u00e0 l&rsquo;automne de cette ann\u00e9e. <\/p>\n\n<h2 class=\"wp-block-heading\">2019<\/h2>\n\n<p>\u00c0 la suite du projet pilote d&rsquo;une clinique de sant\u00e9 pour les personnes transgenres au KGH, les Centres de sant\u00e9 communautaire de Kingston, avec le soutien du LHIN, ont cr\u00e9\u00e9 le Programme de sant\u00e9 transgenre au site de Weller.<\/p>\n\n<h2 class=\"wp-block-heading\">2020<\/h2>\n\n<p>Le Programme de soins dentaires pour les a\u00een\u00e9s de l&rsquo;Ontario a commenc\u00e9 (y compris un investissement dans les infrastructures dentaires pour agrandir les cliniques dentaires \u00e0 Napanee et \u00e0 Kingston).<\/p>\n\n<p>Le CTS a d\u00e9m\u00e9nag\u00e9 dans le Centre de soins int\u00e9gr\u00e9s en partenariat avec HARS, d&rsquo;abord au Centre aquatique Artillery Park, puis \u00e0 son emplacement actuel au 661, rue Montreal.<\/p>\n","protected":false},"excerpt":{"rendered":"<p>1986 En 1986, un groupe de travail compos\u00e9 de membres de la communaut\u00e9, de repr\u00e9sentants du conseil de sant\u00e9 du district local et de l&rsquo;universit\u00e9 Queen&rsquo;s a \u00e9t\u00e9 form\u00e9 pour \u00e9laborer une proposition de centre de sant\u00e9 communautaire \u00e0 North Kingston. North Kingston a \u00e9t\u00e9 d\u00e9fini comme la zone situ\u00e9e entre Princess Street et l&rsquo;autoroute [&hellip;]<\/p>\n","protected":false},"author":1,"featured_media":0,"parent":152,"menu_order":0,"comment_status":"closed","ping_status":"closed","template":"","meta":{"_acf_changed":false,"footnotes":""},"class_list":["post-3493","page","type-page","status-publish","hentry"],"acf":[],"yoast_head":"<!-- This site is optimized with the Yoast SEO plugin v27.3 - https:\/\/yoast.com\/product\/yoast-seo-wordpress\/ -->\n<title>L&#039;histoire - Centres de sant\u00e9 communautaires de Kingston<\/title>\n<meta name=\"robots\" content=\"index, follow, max-snippet:-1, max-image-preview:large, max-video-preview:-1\" \/>\n<link rel=\"canonical\" href=\"https:\/\/kchc.ca\/fr\/a-propos-de-nous\/lhistoire\/\" \/>\n<meta property=\"og:locale\" content=\"fr_FR\" \/>\n<meta property=\"og:type\" content=\"article\" \/>\n<meta property=\"og:title\" content=\"L&#039;histoire - Centres de sant\u00e9 communautaires de Kingston\" \/>\n<meta property=\"og:description\" content=\"1986 En 1986, un groupe de travail compos\u00e9 de membres de la communaut\u00e9, de repr\u00e9sentants du conseil de sant\u00e9 du district local et de l&rsquo;universit\u00e9 Queen&rsquo;s a \u00e9t\u00e9 form\u00e9 pour \u00e9laborer une proposition de centre de sant\u00e9 communautaire \u00e0 North Kingston. North Kingston a \u00e9t\u00e9 d\u00e9fini comme la zone situ\u00e9e entre Princess Street et l&rsquo;autoroute [&hellip;]\" \/>\n<meta property=\"og:url\" content=\"https:\/\/kchc.ca\/fr\/a-propos-de-nous\/lhistoire\/\" \/>\n<meta property=\"og:site_name\" content=\"Centres de sant\u00e9 communautaires de Kingston\" \/>\n<meta property=\"article:publisher\" content=\"https:\/\/www.facebook.com\/KingstonCHC\/\" \/>\n<meta property=\"article:modified_time\" content=\"2025-04-14T09:21:54+00:00\" \/>\n<meta name=\"twitter:card\" content=\"summary_large_image\" \/>\n<meta name=\"twitter:site\" content=\"@KingstonCHC\" \/>\n<meta name=\"twitter:label1\" content=\"Dur\u00e9e de lecture estim\u00e9e\" \/>\n\t<meta name=\"twitter:data1\" content=\"7 minutes\" \/>\n<script type=\"application\/ld+json\" class=\"yoast-schema-graph\">{\"@context\":\"https:\\\/\\\/schema.org\",\"@graph\":[{\"@type\":\"WebPage\",\"@id\":\"https:\\\/\\\/kchc.ca\\\/fr\\\/a-propos-de-nous\\\/lhistoire\\\/\",\"url\":\"https:\\\/\\\/kchc.ca\\\/fr\\\/a-propos-de-nous\\\/lhistoire\\\/\",\"name\":\"L'histoire - Centres de sant\u00e9 communautaires de Kingston\",\"isPartOf\":{\"@id\":\"https:\\\/\\\/kchc.ca\\\/fr\\\/#website\"},\"datePublished\":\"2024-02-11T00:10:43+00:00\",\"dateModified\":\"2025-04-14T09:21:54+00:00\",\"breadcrumb\":{\"@id\":\"https:\\\/\\\/kchc.ca\\\/fr\\\/a-propos-de-nous\\\/lhistoire\\\/#breadcrumb\"},\"inLanguage\":\"fr-FR\",\"potentialAction\":[{\"@type\":\"ReadAction\",\"target\":[\"https:\\\/\\\/kchc.ca\\\/fr\\\/a-propos-de-nous\\\/lhistoire\\\/\"]}]},{\"@type\":\"BreadcrumbList\",\"@id\":\"https:\\\/\\\/kchc.ca\\\/fr\\\/a-propos-de-nous\\\/lhistoire\\\/#breadcrumb\",\"itemListElement\":[{\"@type\":\"ListItem\",\"position\":1,\"name\":\"Home\",\"item\":\"https:\\\/\\\/kchc.ca\\\/fr\\\/\"},{\"@type\":\"ListItem\",\"position\":2,\"name\":\"\u00c0 propos de nous\",\"item\":\"https:\\\/\\\/kchc.ca\\\/fr\\\/about-us\\\/\"},{\"@type\":\"ListItem\",\"position\":3,\"name\":\"L&#8217;histoire\"}]},{\"@type\":\"WebSite\",\"@id\":\"https:\\\/\\\/kchc.ca\\\/fr\\\/#website\",\"url\":\"https:\\\/\\\/kchc.ca\\\/fr\\\/\",\"name\":\"Kingston Community Health Centres\",\"description\":\"\",\"publisher\":{\"@id\":\"https:\\\/\\\/kchc.ca\\\/fr\\\/#organization\"},\"potentialAction\":[{\"@type\":\"SearchAction\",\"target\":{\"@type\":\"EntryPoint\",\"urlTemplate\":\"https:\\\/\\\/kchc.ca\\\/fr\\\/?s={search_term_string}\"},\"query-input\":{\"@type\":\"PropertyValueSpecification\",\"valueRequired\":true,\"valueName\":\"search_term_string\"}}],\"inLanguage\":\"fr-FR\"},{\"@type\":\"Organization\",\"@id\":\"https:\\\/\\\/kchc.ca\\\/fr\\\/#organization\",\"name\":\"Kingston Community Health Centres\",\"url\":\"https:\\\/\\\/kchc.ca\\\/fr\\\/\",\"logo\":{\"@type\":\"ImageObject\",\"inLanguage\":\"fr-FR\",\"@id\":\"https:\\\/\\\/kchc.ca\\\/fr\\\/#\\\/schema\\\/logo\\\/image\\\/\",\"url\":\"https:\\\/\\\/kchc.ca\\\/wp-content\\\/uploads\\\/2024\\\/06\\\/KCHC-logo.png\",\"contentUrl\":\"https:\\\/\\\/kchc.ca\\\/wp-content\\\/uploads\\\/2024\\\/06\\\/KCHC-logo.png\",\"width\":1096,\"height\":398,\"caption\":\"Kingston Community Health Centres\"},\"image\":{\"@id\":\"https:\\\/\\\/kchc.ca\\\/fr\\\/#\\\/schema\\\/logo\\\/image\\\/\"},\"sameAs\":[\"https:\\\/\\\/www.facebook.com\\\/KingstonCHC\\\/\",\"https:\\\/\\\/x.com\\\/KingstonCHC\"]}]}<\/script>\n<!-- \/ Yoast SEO plugin. -->","yoast_head_json":{"title":"L'histoire - Centres de sant\u00e9 communautaires de Kingston","robots":{"index":"index","follow":"follow","max-snippet":"max-snippet:-1","max-image-preview":"max-image-preview:large","max-video-preview":"max-video-preview:-1"},"canonical":"https:\/\/kchc.ca\/fr\/a-propos-de-nous\/lhistoire\/","og_locale":"fr_FR","og_type":"article","og_title":"L'histoire - Centres de sant\u00e9 communautaires de Kingston","og_description":"1986 En 1986, un groupe de travail compos\u00e9 de membres de la communaut\u00e9, de repr\u00e9sentants du conseil de sant\u00e9 du district local et de l&rsquo;universit\u00e9 Queen&rsquo;s a \u00e9t\u00e9 form\u00e9 pour \u00e9laborer une proposition de centre de sant\u00e9 communautaire \u00e0 North Kingston. North Kingston a \u00e9t\u00e9 d\u00e9fini comme la zone situ\u00e9e entre Princess Street et l&rsquo;autoroute [&hellip;]","og_url":"https:\/\/kchc.ca\/fr\/a-propos-de-nous\/lhistoire\/","og_site_name":"Centres de sant\u00e9 communautaires de Kingston","article_publisher":"https:\/\/www.facebook.com\/KingstonCHC\/","article_modified_time":"2025-04-14T09:21:54+00:00","twitter_card":"summary_large_image","twitter_site":"@KingstonCHC","twitter_misc":{"Dur\u00e9e de lecture estim\u00e9e":"7 minutes"},"schema":{"@context":"https:\/\/schema.org","@graph":[{"@type":"WebPage","@id":"https:\/\/kchc.ca\/fr\/a-propos-de-nous\/lhistoire\/","url":"https:\/\/kchc.ca\/fr\/a-propos-de-nous\/lhistoire\/","name":"L'histoire - Centres de sant\u00e9 communautaires de Kingston","isPartOf":{"@id":"https:\/\/kchc.ca\/fr\/#website"},"datePublished":"2024-02-11T00:10:43+00:00","dateModified":"2025-04-14T09:21:54+00:00","breadcrumb":{"@id":"https:\/\/kchc.ca\/fr\/a-propos-de-nous\/lhistoire\/#breadcrumb"},"inLanguage":"fr-FR","potentialAction":[{"@type":"ReadAction","target":["https:\/\/kchc.ca\/fr\/a-propos-de-nous\/lhistoire\/"]}]},{"@type":"BreadcrumbList","@id":"https:\/\/kchc.ca\/fr\/a-propos-de-nous\/lhistoire\/#breadcrumb","itemListElement":[{"@type":"ListItem","position":1,"name":"Home","item":"https:\/\/kchc.ca\/fr\/"},{"@type":"ListItem","position":2,"name":"\u00c0 propos de nous","item":"https:\/\/kchc.ca\/fr\/about-us\/"},{"@type":"ListItem","position":3,"name":"L&#8217;histoire"}]},{"@type":"WebSite","@id":"https:\/\/kchc.ca\/fr\/#website","url":"https:\/\/kchc.ca\/fr\/","name":"Kingston Community Health Centres","description":"","publisher":{"@id":"https:\/\/kchc.ca\/fr\/#organization"},"potentialAction":[{"@type":"SearchAction","target":{"@type":"EntryPoint","urlTemplate":"https:\/\/kchc.ca\/fr\/?s={search_term_string}"},"query-input":{"@type":"PropertyValueSpecification","valueRequired":true,"valueName":"search_term_string"}}],"inLanguage":"fr-FR"},{"@type":"Organization","@id":"https:\/\/kchc.ca\/fr\/#organization","name":"Kingston Community Health Centres","url":"https:\/\/kchc.ca\/fr\/","logo":{"@type":"ImageObject","inLanguage":"fr-FR","@id":"https:\/\/kchc.ca\/fr\/#\/schema\/logo\/image\/","url":"https:\/\/kchc.ca\/wp-content\/uploads\/2024\/06\/KCHC-logo.png","contentUrl":"https:\/\/kchc.ca\/wp-content\/uploads\/2024\/06\/KCHC-logo.png","width":1096,"height":398,"caption":"Kingston Community Health Centres"},"image":{"@id":"https:\/\/kchc.ca\/fr\/#\/schema\/logo\/image\/"},"sameAs":["https:\/\/www.facebook.com\/KingstonCHC\/","https:\/\/x.com\/KingstonCHC"]}]}},"featured_image_src":null,"featured_image_src_square":null,"_links":{"self":[{"href":"https:\/\/kchc.ca\/fr\/wp-json\/wp\/v2\/pages\/3493","targetHints":{"allow":["GET"]}}],"collection":[{"href":"https:\/\/kchc.ca\/fr\/wp-json\/wp\/v2\/pages"}],"about":[{"href":"https:\/\/kchc.ca\/fr\/wp-json\/wp\/v2\/types\/page"}],"author":[{"embeddable":true,"href":"https:\/\/kchc.ca\/fr\/wp-json\/wp\/v2\/users\/1"}],"replies":[{"embeddable":true,"href":"https:\/\/kchc.ca\/fr\/wp-json\/wp\/v2\/comments?post=3493"}],"version-history":[{"count":1,"href":"https:\/\/kchc.ca\/fr\/wp-json\/wp\/v2\/pages\/3493\/revisions"}],"predecessor-version":[{"id":3494,"href":"https:\/\/kchc.ca\/fr\/wp-json\/wp\/v2\/pages\/3493\/revisions\/3494"}],"up":[{"embeddable":true,"href":"https:\/\/kchc.ca\/fr\/wp-json\/wp\/v2\/pages\/152"}],"wp:attachment":[{"href":"https:\/\/kchc.ca\/fr\/wp-json\/wp\/v2\/media?parent=3493"}],"curies":[{"name":"wp","href":"https:\/\/api.w.org\/{rel}","templated":true}]}}