{"id":3499,"date":"2024-02-10T19:11:53","date_gmt":"2024-02-11T00:11:53","guid":{"rendered":"https:\/\/kchc.ca\/a-propos-de-nous\/mission-vision-et-valeurs\/"},"modified":"2025-04-15T11:10:55","modified_gmt":"2025-04-15T15:10:55","slug":"mission-vision-et-valeurs","status":"publish","type":"page","link":"https:\/\/kchc.ca\/fr\/a-propos-de-nous\/mission-vision-et-valeurs\/","title":{"rendered":"Mission, vision et valeurs"},"content":{"rendered":"\n<h2 class=\"wp-block-heading\">La mission<\/h2>\n\n<p>\u00catre un fournisseur dynamique de services int\u00e9gr\u00e9s qui responsabilisent les gens et b\u00e2tissent des communaut\u00e9s.<\/p>\n\n<p>Le KCHC incarne le mod\u00e8le de soins des centres de sant\u00e9 communautaires et, en tant que tel, notre prestation de services est guid\u00e9e par huit attributs cl\u00e9s.<\/p>\n\n<ul class=\"wp-block-list\">\n<li>Exhaustivit\u00e9<\/li>\n\n\n\n<li>Accessibilit\u00e9<\/li>\n\n\n\n<li>Priorit\u00e9 au client et \u00e0 la communaut\u00e9<\/li>\n\n\n\n<li>Travail d&rsquo;\u00e9quipe interdisciplinaire et collaboratif<\/li>\n\n\n\n<li>Int\u00e9gration des services<\/li>\n\n\n\n<li>Appropriation et gouvernance communautaires<\/li>\n\n\n\n<li>Reconnaissance des d\u00e9terminants sociaux de la sant\u00e9<\/li>\n\n\n\n<li>Utiliser une approche de d\u00e9veloppement communautaire<\/li>\n<\/ul>\n\n<p>Les besoins complexes et \u00e9volutifs de notre communaut\u00e9 en mati\u00e8re de sant\u00e9 exigent que nous restions r\u00e9actifs, que nous pers\u00e9v\u00e9rions dans nos efforts de promotion de la sant\u00e9 individuelle et communautaire, que nous d\u00e9veloppions des services holistiques fournis par une \u00e9quipe pluridisciplinaire et que nous travaillions en coop\u00e9ration et en collaboration avec les membres de la communaut\u00e9, les groupes communautaires et d&rsquo;autres prestataires de services.<\/p>\n\n<h2 class=\"wp-block-heading\">La vision<\/h2>\n\n<p>Une communaut\u00e9 inclusive, r\u00e9siliente et saine.<\/p>\n\n<h2 class=\"wp-block-heading\">Valeurs<\/h2>\n\n<p>Nous nous inspirons mutuellement de&#8230;<\/p>\n\n<ul class=\"wp-block-list\">\n<li>Soyez aimable<\/li>\n\n\n\n<li>C\u00e9l\u00e9brer la diversit\u00e9<\/li>\n\n\n\n<li>Collaborer<\/li>\n\n\n\n<li>Innover<\/li>\n<\/ul>\n","protected":false},"excerpt":{"rendered":"<p>La mission \u00catre un fournisseur dynamique de services int\u00e9gr\u00e9s qui responsabilisent les gens et b\u00e2tissent des communaut\u00e9s. Le KCHC incarne le mod\u00e8le de soins des centres de sant\u00e9 communautaires et, en tant que tel, notre prestation de services est guid\u00e9e par huit attributs cl\u00e9s. Les besoins complexes et \u00e9volutifs de notre communaut\u00e9 en mati\u00e8re de [&hellip;]<\/p>\n","protected":false},"author":1,"featured_media":0,"parent":152,"menu_order":0,"comment_status":"closed","ping_status":"closed","template":"","meta":{"_acf_changed":false,"footnotes":""},"class_list":["post-3499","page","type-page","status-publish","hentry"],"acf":[],"yoast_head":"<!-- This site is optimized with the Yoast SEO plugin v27.3 - https:\/\/yoast.com\/product\/yoast-seo-wordpress\/ -->\n<title>Mission, vision et valeurs - Centres de sant\u00e9 communautaires de Kingston<\/title>\n<meta name=\"robots\" content=\"index, follow, max-snippet:-1, max-image-preview:large, max-video-preview:-1\" \/>\n<link rel=\"canonical\" href=\"https:\/\/kchc.ca\/fr\/a-propos-de-nous\/mission-vision-et-valeurs\/\" \/>\n<meta property=\"og:locale\" content=\"fr_FR\" \/>\n<meta property=\"og:type\" content=\"article\" \/>\n<meta property=\"og:title\" content=\"Mission, vision et valeurs - Centres de sant\u00e9 communautaires de Kingston\" \/>\n<meta property=\"og:description\" content=\"La mission \u00catre un fournisseur dynamique de services int\u00e9gr\u00e9s qui responsabilisent les gens et b\u00e2tissent des communaut\u00e9s. Le KCHC incarne le mod\u00e8le de soins des centres de sant\u00e9 communautaires et, en tant que tel, notre prestation de services est guid\u00e9e par huit attributs cl\u00e9s. Les besoins complexes et \u00e9volutifs de notre communaut\u00e9 en mati\u00e8re de [&hellip;]\" \/>\n<meta property=\"og:url\" content=\"https:\/\/kchc.ca\/fr\/a-propos-de-nous\/mission-vision-et-valeurs\/\" \/>\n<meta property=\"og:site_name\" content=\"Centres de sant\u00e9 communautaires de Kingston\" \/>\n<meta property=\"article:publisher\" content=\"https:\/\/www.facebook.com\/KingstonCHC\/\" \/>\n<meta property=\"article:modified_time\" content=\"2025-04-15T15:10:55+00:00\" \/>\n<meta name=\"twitter:card\" content=\"summary_large_image\" \/>\n<meta name=\"twitter:site\" content=\"@KingstonCHC\" \/>\n<meta name=\"twitter:label1\" content=\"Dur\u00e9e de lecture estim\u00e9e\" \/>\n\t<meta name=\"twitter:data1\" content=\"1 minute\" \/>\n<script type=\"application\/ld+json\" class=\"yoast-schema-graph\">{\"@context\":\"https:\\\/\\\/schema.org\",\"@graph\":[{\"@type\":\"WebPage\",\"@id\":\"https:\\\/\\\/kchc.ca\\\/fr\\\/a-propos-de-nous\\\/mission-vision-et-valeurs\\\/\",\"url\":\"https:\\\/\\\/kchc.ca\\\/fr\\\/a-propos-de-nous\\\/mission-vision-et-valeurs\\\/\",\"name\":\"Mission, vision et valeurs - Centres de sant\u00e9 communautaires de Kingston\",\"isPartOf\":{\"@id\":\"https:\\\/\\\/kchc.ca\\\/fr\\\/#website\"},\"datePublished\":\"2024-02-11T00:11:53+00:00\",\"dateModified\":\"2025-04-15T15:10:55+00:00\",\"breadcrumb\":{\"@id\":\"https:\\\/\\\/kchc.ca\\\/fr\\\/a-propos-de-nous\\\/mission-vision-et-valeurs\\\/#breadcrumb\"},\"inLanguage\":\"fr-FR\",\"potentialAction\":[{\"@type\":\"ReadAction\",\"target\":[\"https:\\\/\\\/kchc.ca\\\/fr\\\/a-propos-de-nous\\\/mission-vision-et-valeurs\\\/\"]}]},{\"@type\":\"BreadcrumbList\",\"@id\":\"https:\\\/\\\/kchc.ca\\\/fr\\\/a-propos-de-nous\\\/mission-vision-et-valeurs\\\/#breadcrumb\",\"itemListElement\":[{\"@type\":\"ListItem\",\"position\":1,\"name\":\"Home\",\"item\":\"https:\\\/\\\/kchc.ca\\\/fr\\\/\"},{\"@type\":\"ListItem\",\"position\":2,\"name\":\"\u00c0 propos de nous\",\"item\":\"https:\\\/\\\/kchc.ca\\\/fr\\\/about-us\\\/\"},{\"@type\":\"ListItem\",\"position\":3,\"name\":\"Mission, vision et valeurs\"}]},{\"@type\":\"WebSite\",\"@id\":\"https:\\\/\\\/kchc.ca\\\/fr\\\/#website\",\"url\":\"https:\\\/\\\/kchc.ca\\\/fr\\\/\",\"name\":\"Kingston Community Health Centres\",\"description\":\"\",\"publisher\":{\"@id\":\"https:\\\/\\\/kchc.ca\\\/fr\\\/#organization\"},\"potentialAction\":[{\"@type\":\"SearchAction\",\"target\":{\"@type\":\"EntryPoint\",\"urlTemplate\":\"https:\\\/\\\/kchc.ca\\\/fr\\\/?s={search_term_string}\"},\"query-input\":{\"@type\":\"PropertyValueSpecification\",\"valueRequired\":true,\"valueName\":\"search_term_string\"}}],\"inLanguage\":\"fr-FR\"},{\"@type\":\"Organization\",\"@id\":\"https:\\\/\\\/kchc.ca\\\/fr\\\/#organization\",\"name\":\"Kingston Community Health Centres\",\"url\":\"https:\\\/\\\/kchc.ca\\\/fr\\\/\",\"logo\":{\"@type\":\"ImageObject\",\"inLanguage\":\"fr-FR\",\"@id\":\"https:\\\/\\\/kchc.ca\\\/fr\\\/#\\\/schema\\\/logo\\\/image\\\/\",\"url\":\"https:\\\/\\\/kchc.ca\\\/wp-content\\\/uploads\\\/2024\\\/06\\\/KCHC-logo.png\",\"contentUrl\":\"https:\\\/\\\/kchc.ca\\\/wp-content\\\/uploads\\\/2024\\\/06\\\/KCHC-logo.png\",\"width\":1096,\"height\":398,\"caption\":\"Kingston Community Health Centres\"},\"image\":{\"@id\":\"https:\\\/\\\/kchc.ca\\\/fr\\\/#\\\/schema\\\/logo\\\/image\\\/\"},\"sameAs\":[\"https:\\\/\\\/www.facebook.com\\\/KingstonCHC\\\/\",\"https:\\\/\\\/x.com\\\/KingstonCHC\"]}]}<\/script>\n<!-- \/ Yoast SEO plugin. -->","yoast_head_json":{"title":"Mission, vision et valeurs - Centres de sant\u00e9 communautaires de Kingston","robots":{"index":"index","follow":"follow","max-snippet":"max-snippet:-1","max-image-preview":"max-image-preview:large","max-video-preview":"max-video-preview:-1"},"canonical":"https:\/\/kchc.ca\/fr\/a-propos-de-nous\/mission-vision-et-valeurs\/","og_locale":"fr_FR","og_type":"article","og_title":"Mission, vision et valeurs - Centres de sant\u00e9 communautaires de Kingston","og_description":"La mission \u00catre un fournisseur dynamique de services int\u00e9gr\u00e9s qui responsabilisent les gens et b\u00e2tissent des communaut\u00e9s. Le KCHC incarne le mod\u00e8le de soins des centres de sant\u00e9 communautaires et, en tant que tel, notre prestation de services est guid\u00e9e par huit attributs cl\u00e9s. Les besoins complexes et \u00e9volutifs de notre communaut\u00e9 en mati\u00e8re de [&hellip;]","og_url":"https:\/\/kchc.ca\/fr\/a-propos-de-nous\/mission-vision-et-valeurs\/","og_site_name":"Centres de sant\u00e9 communautaires de Kingston","article_publisher":"https:\/\/www.facebook.com\/KingstonCHC\/","article_modified_time":"2025-04-15T15:10:55+00:00","twitter_card":"summary_large_image","twitter_site":"@KingstonCHC","twitter_misc":{"Dur\u00e9e de lecture estim\u00e9e":"1 minute"},"schema":{"@context":"https:\/\/schema.org","@graph":[{"@type":"WebPage","@id":"https:\/\/kchc.ca\/fr\/a-propos-de-nous\/mission-vision-et-valeurs\/","url":"https:\/\/kchc.ca\/fr\/a-propos-de-nous\/mission-vision-et-valeurs\/","name":"Mission, vision et valeurs - Centres de sant\u00e9 communautaires de Kingston","isPartOf":{"@id":"https:\/\/kchc.ca\/fr\/#website"},"datePublished":"2024-02-11T00:11:53+00:00","dateModified":"2025-04-15T15:10:55+00:00","breadcrumb":{"@id":"https:\/\/kchc.ca\/fr\/a-propos-de-nous\/mission-vision-et-valeurs\/#breadcrumb"},"inLanguage":"fr-FR","potentialAction":[{"@type":"ReadAction","target":["https:\/\/kchc.ca\/fr\/a-propos-de-nous\/mission-vision-et-valeurs\/"]}]},{"@type":"BreadcrumbList","@id":"https:\/\/kchc.ca\/fr\/a-propos-de-nous\/mission-vision-et-valeurs\/#breadcrumb","itemListElement":[{"@type":"ListItem","position":1,"name":"Home","item":"https:\/\/kchc.ca\/fr\/"},{"@type":"ListItem","position":2,"name":"\u00c0 propos de nous","item":"https:\/\/kchc.ca\/fr\/about-us\/"},{"@type":"ListItem","position":3,"name":"Mission, vision et valeurs"}]},{"@type":"WebSite","@id":"https:\/\/kchc.ca\/fr\/#website","url":"https:\/\/kchc.ca\/fr\/","name":"Kingston Community Health Centres","description":"","publisher":{"@id":"https:\/\/kchc.ca\/fr\/#organization"},"potentialAction":[{"@type":"SearchAction","target":{"@type":"EntryPoint","urlTemplate":"https:\/\/kchc.ca\/fr\/?s={search_term_string}"},"query-input":{"@type":"PropertyValueSpecification","valueRequired":true,"valueName":"search_term_string"}}],"inLanguage":"fr-FR"},{"@type":"Organization","@id":"https:\/\/kchc.ca\/fr\/#organization","name":"Kingston Community Health Centres","url":"https:\/\/kchc.ca\/fr\/","logo":{"@type":"ImageObject","inLanguage":"fr-FR","@id":"https:\/\/kchc.ca\/fr\/#\/schema\/logo\/image\/","url":"https:\/\/kchc.ca\/wp-content\/uploads\/2024\/06\/KCHC-logo.png","contentUrl":"https:\/\/kchc.ca\/wp-content\/uploads\/2024\/06\/KCHC-logo.png","width":1096,"height":398,"caption":"Kingston Community Health Centres"},"image":{"@id":"https:\/\/kchc.ca\/fr\/#\/schema\/logo\/image\/"},"sameAs":["https:\/\/www.facebook.com\/KingstonCHC\/","https:\/\/x.com\/KingstonCHC"]}]}},"featured_image_src":null,"featured_image_src_square":null,"_links":{"self":[{"href":"https:\/\/kchc.ca\/fr\/wp-json\/wp\/v2\/pages\/3499","targetHints":{"allow":["GET"]}}],"collection":[{"href":"https:\/\/kchc.ca\/fr\/wp-json\/wp\/v2\/pages"}],"about":[{"href":"https:\/\/kchc.ca\/fr\/wp-json\/wp\/v2\/types\/page"}],"author":[{"embeddable":true,"href":"https:\/\/kchc.ca\/fr\/wp-json\/wp\/v2\/users\/1"}],"replies":[{"embeddable":true,"href":"https:\/\/kchc.ca\/fr\/wp-json\/wp\/v2\/comments?post=3499"}],"version-history":[{"count":1,"href":"https:\/\/kchc.ca\/fr\/wp-json\/wp\/v2\/pages\/3499\/revisions"}],"predecessor-version":[{"id":3500,"href":"https:\/\/kchc.ca\/fr\/wp-json\/wp\/v2\/pages\/3499\/revisions\/3500"}],"up":[{"embeddable":true,"href":"https:\/\/kchc.ca\/fr\/wp-json\/wp\/v2\/pages\/152"}],"wp:attachment":[{"href":"https:\/\/kchc.ca\/fr\/wp-json\/wp\/v2\/media?parent=3499"}],"curies":[{"name":"wp","href":"https:\/\/api.w.org\/{rel}","templated":true}]}}