{"id":3509,"date":"2024-06-26T05:03:06","date_gmt":"2024-06-26T09:03:06","guid":{"rendered":"https:\/\/kchc.ca\/a-propos-de-nous\/benevole\/"},"modified":"2025-05-27T17:07:09","modified_gmt":"2025-05-27T21:07:09","slug":"benevole","status":"publish","type":"page","link":"https:\/\/kchc.ca\/fr\/a-propos-de-nous\/benevole\/","title":{"rendered":"B\u00e9n\u00e9vole"},"content":{"rendered":"\n<p>Kingston Community Health Centres s&rsquo;appuient sur la participation active des citoyens de la communaut\u00e9 pour mener \u00e0 bien un grand nombre de leurs programmes et activit\u00e9s. Nous appr\u00e9cions la participation de la communaut\u00e9 et nous nous engageons \u00e0 travailler avec les r\u00e9sidents et les groupes. Les postes de b\u00e9n\u00e9voles sont con\u00e7us pour \u00eatre cr\u00e9atifs, utiles et accessibles \u00e0 tous. Nous accueillons des b\u00e9n\u00e9voles de tous horizons, de toutes tranches d&rsquo;\u00e2ge, de toutes cultures, de toutes capacit\u00e9s et de tous milieux, et nous encourageons les membres de la communaut\u00e9 \u00e0 poser leur candidature. Nous remercions les b\u00e9n\u00e9voles qui consacrent leur temps, leur \u00e9nergie et leurs talents, ainsi que le personnel qui travaille avec eux.<\/p>\n\n<p>Si vous souhaitez devenir b\u00e9n\u00e9vole au KCHC, veuillez remplir notre formulaire en ligne ou nous contacter \u00e0 l&rsquo;adresse <a href=\"mailto:volunteer@kchc.ca\">volunteer@kchc.ca<\/a> afin que nous puissions vous fournir le document dans le format qui vous convient.<\/p>\n\r\n\t\t\t\t\r\n\t\t<a \r\n\t\t\t\r\n\t\t\tclass=\"block-f9348950-8b9a-46cc-bdb8-947010c6a75a btn areoi-has-url position-relative btn-secondary\"\r\n\t href=\"https:\/\/kchc.ca\/fr\/devenez-benevole\/\" >\r\n\t\t\t\t\t\r\n\t\t\t\t\tDevenez b\u00e9n\u00e9vole \r\n\t\t\t\t\t\r\n\t\t\t\t\t \r\n\t\t\t\t<\/a>\r\n\t\t\t\n<div style=\"height:34px\" aria-hidden=\"true\" class=\"wp-block-spacer\"><\/div>\n\n<h2 class=\"wp-block-heading\">Le saviez-vous ?  <\/h2>\n\n<p>Les b\u00e9n\u00e9voles de KCHC qui consacrent 100 heures ou plus dans les six mois peuvent \u00eatre pris en consid\u00e9ration pour les concours d&#8217;embauche internes ! KCHC s&rsquo;engage \u00e0 fournir des opportunit\u00e9s d&rsquo;apprentissage significatives \u00e0 ses b\u00e9n\u00e9voles.<\/p>\n\n<p><strong>Activit\u00e9s de participation communautaire (requises pour l&rsquo;obtention du dipl\u00f4me d&rsquo;\u00e9tudes secondaires de l&rsquo;Ontario)<\/strong><\/p>\n\n<p>Si vous souhaitez effectuer les 40 heures de b\u00e9n\u00e9volat requises pour l&rsquo;obtention de votre dipl\u00f4me de fin d&rsquo;\u00e9tudes secondaires, veuillez nous contacter \u00e0 l&rsquo;adresse <a href=\"mailto:volunteer@kchc.ca\">suivante : volunteer@kchc.ca<\/a>.<\/p>\n","protected":false},"excerpt":{"rendered":"<p>Kingston Community Health Centres s&rsquo;appuient sur la participation active des citoyens de la communaut\u00e9 pour mener \u00e0 bien un grand nombre de leurs programmes et activit\u00e9s. Nous appr\u00e9cions la participation de la communaut\u00e9 et nous nous engageons \u00e0 travailler avec les r\u00e9sidents et les groupes. Les postes de b\u00e9n\u00e9voles sont con\u00e7us pour \u00eatre cr\u00e9atifs, utiles [&hellip;]<\/p>\n","protected":false},"author":1,"featured_media":0,"parent":152,"menu_order":0,"comment_status":"closed","ping_status":"closed","template":"page-templates\/page-volunteer.php","meta":{"_acf_changed":false,"footnotes":""},"class_list":["post-3509","page","type-page","status-publish","hentry"],"acf":[],"yoast_head":"<!-- This site is optimized with the Yoast SEO plugin v27.3 - https:\/\/yoast.com\/product\/yoast-seo-wordpress\/ -->\n<title>B\u00e9n\u00e9vole - Centres de sant\u00e9 communautaires de Kingston<\/title>\n<meta name=\"robots\" content=\"index, follow, max-snippet:-1, max-image-preview:large, max-video-preview:-1\" \/>\n<link rel=\"canonical\" href=\"https:\/\/kchc.ca\/fr\/a-propos-de-nous\/benevole\/\" \/>\n<meta property=\"og:locale\" content=\"fr_FR\" \/>\n<meta property=\"og:type\" content=\"article\" \/>\n<meta property=\"og:title\" content=\"B\u00e9n\u00e9vole - Centres de sant\u00e9 communautaires de Kingston\" \/>\n<meta property=\"og:description\" content=\"Kingston Community Health Centres s&rsquo;appuient sur la participation active des citoyens de la communaut\u00e9 pour mener \u00e0 bien un grand nombre de leurs programmes et activit\u00e9s. Nous appr\u00e9cions la participation de la communaut\u00e9 et nous nous engageons \u00e0 travailler avec les r\u00e9sidents et les groupes. Les postes de b\u00e9n\u00e9voles sont con\u00e7us pour \u00eatre cr\u00e9atifs, utiles [&hellip;]\" \/>\n<meta property=\"og:url\" content=\"https:\/\/kchc.ca\/fr\/a-propos-de-nous\/benevole\/\" \/>\n<meta property=\"og:site_name\" content=\"Centres de sant\u00e9 communautaires de Kingston\" \/>\n<meta property=\"article:publisher\" content=\"https:\/\/www.facebook.com\/KingstonCHC\/\" \/>\n<meta property=\"article:modified_time\" content=\"2025-05-27T21:07:09+00:00\" \/>\n<meta name=\"twitter:card\" content=\"summary_large_image\" \/>\n<meta name=\"twitter:site\" content=\"@KingstonCHC\" \/>\n<meta name=\"twitter:label1\" content=\"Dur\u00e9e de lecture estim\u00e9e\" \/>\n\t<meta name=\"twitter:data1\" content=\"1 minute\" \/>\n<script type=\"application\/ld+json\" class=\"yoast-schema-graph\">{\"@context\":\"https:\\\/\\\/schema.org\",\"@graph\":[{\"@type\":\"WebPage\",\"@id\":\"https:\\\/\\\/kchc.ca\\\/fr\\\/a-propos-de-nous\\\/benevole\\\/\",\"url\":\"https:\\\/\\\/kchc.ca\\\/fr\\\/a-propos-de-nous\\\/benevole\\\/\",\"name\":\"B\u00e9n\u00e9vole - Centres de sant\u00e9 communautaires de Kingston\",\"isPartOf\":{\"@id\":\"https:\\\/\\\/kchc.ca\\\/fr\\\/#website\"},\"datePublished\":\"2024-06-26T09:03:06+00:00\",\"dateModified\":\"2025-05-27T21:07:09+00:00\",\"breadcrumb\":{\"@id\":\"https:\\\/\\\/kchc.ca\\\/fr\\\/a-propos-de-nous\\\/benevole\\\/#breadcrumb\"},\"inLanguage\":\"fr-FR\",\"potentialAction\":[{\"@type\":\"ReadAction\",\"target\":[\"https:\\\/\\\/kchc.ca\\\/fr\\\/a-propos-de-nous\\\/benevole\\\/\"]}]},{\"@type\":\"BreadcrumbList\",\"@id\":\"https:\\\/\\\/kchc.ca\\\/fr\\\/a-propos-de-nous\\\/benevole\\\/#breadcrumb\",\"itemListElement\":[{\"@type\":\"ListItem\",\"position\":1,\"name\":\"Home\",\"item\":\"https:\\\/\\\/kchc.ca\\\/fr\\\/\"},{\"@type\":\"ListItem\",\"position\":2,\"name\":\"\u00c0 propos de nous\",\"item\":\"https:\\\/\\\/kchc.ca\\\/fr\\\/about-us\\\/\"},{\"@type\":\"ListItem\",\"position\":3,\"name\":\"B\u00e9n\u00e9vole\"}]},{\"@type\":\"WebSite\",\"@id\":\"https:\\\/\\\/kchc.ca\\\/fr\\\/#website\",\"url\":\"https:\\\/\\\/kchc.ca\\\/fr\\\/\",\"name\":\"Kingston Community Health Centres\",\"description\":\"\",\"publisher\":{\"@id\":\"https:\\\/\\\/kchc.ca\\\/fr\\\/#organization\"},\"potentialAction\":[{\"@type\":\"SearchAction\",\"target\":{\"@type\":\"EntryPoint\",\"urlTemplate\":\"https:\\\/\\\/kchc.ca\\\/fr\\\/?s={search_term_string}\"},\"query-input\":{\"@type\":\"PropertyValueSpecification\",\"valueRequired\":true,\"valueName\":\"search_term_string\"}}],\"inLanguage\":\"fr-FR\"},{\"@type\":\"Organization\",\"@id\":\"https:\\\/\\\/kchc.ca\\\/fr\\\/#organization\",\"name\":\"Kingston Community Health Centres\",\"url\":\"https:\\\/\\\/kchc.ca\\\/fr\\\/\",\"logo\":{\"@type\":\"ImageObject\",\"inLanguage\":\"fr-FR\",\"@id\":\"https:\\\/\\\/kchc.ca\\\/fr\\\/#\\\/schema\\\/logo\\\/image\\\/\",\"url\":\"https:\\\/\\\/kchc.ca\\\/wp-content\\\/uploads\\\/2024\\\/06\\\/KCHC-logo.png\",\"contentUrl\":\"https:\\\/\\\/kchc.ca\\\/wp-content\\\/uploads\\\/2024\\\/06\\\/KCHC-logo.png\",\"width\":1096,\"height\":398,\"caption\":\"Kingston Community Health Centres\"},\"image\":{\"@id\":\"https:\\\/\\\/kchc.ca\\\/fr\\\/#\\\/schema\\\/logo\\\/image\\\/\"},\"sameAs\":[\"https:\\\/\\\/www.facebook.com\\\/KingstonCHC\\\/\",\"https:\\\/\\\/x.com\\\/KingstonCHC\"]}]}<\/script>\n<!-- \/ Yoast SEO plugin. -->","yoast_head_json":{"title":"B\u00e9n\u00e9vole - Centres de sant\u00e9 communautaires de Kingston","robots":{"index":"index","follow":"follow","max-snippet":"max-snippet:-1","max-image-preview":"max-image-preview:large","max-video-preview":"max-video-preview:-1"},"canonical":"https:\/\/kchc.ca\/fr\/a-propos-de-nous\/benevole\/","og_locale":"fr_FR","og_type":"article","og_title":"B\u00e9n\u00e9vole - Centres de sant\u00e9 communautaires de Kingston","og_description":"Kingston Community Health Centres s&rsquo;appuient sur la participation active des citoyens de la communaut\u00e9 pour mener \u00e0 bien un grand nombre de leurs programmes et activit\u00e9s. Nous appr\u00e9cions la participation de la communaut\u00e9 et nous nous engageons \u00e0 travailler avec les r\u00e9sidents et les groupes. Les postes de b\u00e9n\u00e9voles sont con\u00e7us pour \u00eatre cr\u00e9atifs, utiles [&hellip;]","og_url":"https:\/\/kchc.ca\/fr\/a-propos-de-nous\/benevole\/","og_site_name":"Centres de sant\u00e9 communautaires de Kingston","article_publisher":"https:\/\/www.facebook.com\/KingstonCHC\/","article_modified_time":"2025-05-27T21:07:09+00:00","twitter_card":"summary_large_image","twitter_site":"@KingstonCHC","twitter_misc":{"Dur\u00e9e de lecture estim\u00e9e":"1 minute"},"schema":{"@context":"https:\/\/schema.org","@graph":[{"@type":"WebPage","@id":"https:\/\/kchc.ca\/fr\/a-propos-de-nous\/benevole\/","url":"https:\/\/kchc.ca\/fr\/a-propos-de-nous\/benevole\/","name":"B\u00e9n\u00e9vole - Centres de sant\u00e9 communautaires de Kingston","isPartOf":{"@id":"https:\/\/kchc.ca\/fr\/#website"},"datePublished":"2024-06-26T09:03:06+00:00","dateModified":"2025-05-27T21:07:09+00:00","breadcrumb":{"@id":"https:\/\/kchc.ca\/fr\/a-propos-de-nous\/benevole\/#breadcrumb"},"inLanguage":"fr-FR","potentialAction":[{"@type":"ReadAction","target":["https:\/\/kchc.ca\/fr\/a-propos-de-nous\/benevole\/"]}]},{"@type":"BreadcrumbList","@id":"https:\/\/kchc.ca\/fr\/a-propos-de-nous\/benevole\/#breadcrumb","itemListElement":[{"@type":"ListItem","position":1,"name":"Home","item":"https:\/\/kchc.ca\/fr\/"},{"@type":"ListItem","position":2,"name":"\u00c0 propos de nous","item":"https:\/\/kchc.ca\/fr\/about-us\/"},{"@type":"ListItem","position":3,"name":"B\u00e9n\u00e9vole"}]},{"@type":"WebSite","@id":"https:\/\/kchc.ca\/fr\/#website","url":"https:\/\/kchc.ca\/fr\/","name":"Kingston Community Health Centres","description":"","publisher":{"@id":"https:\/\/kchc.ca\/fr\/#organization"},"potentialAction":[{"@type":"SearchAction","target":{"@type":"EntryPoint","urlTemplate":"https:\/\/kchc.ca\/fr\/?s={search_term_string}"},"query-input":{"@type":"PropertyValueSpecification","valueRequired":true,"valueName":"search_term_string"}}],"inLanguage":"fr-FR"},{"@type":"Organization","@id":"https:\/\/kchc.ca\/fr\/#organization","name":"Kingston Community Health Centres","url":"https:\/\/kchc.ca\/fr\/","logo":{"@type":"ImageObject","inLanguage":"fr-FR","@id":"https:\/\/kchc.ca\/fr\/#\/schema\/logo\/image\/","url":"https:\/\/kchc.ca\/wp-content\/uploads\/2024\/06\/KCHC-logo.png","contentUrl":"https:\/\/kchc.ca\/wp-content\/uploads\/2024\/06\/KCHC-logo.png","width":1096,"height":398,"caption":"Kingston Community Health Centres"},"image":{"@id":"https:\/\/kchc.ca\/fr\/#\/schema\/logo\/image\/"},"sameAs":["https:\/\/www.facebook.com\/KingstonCHC\/","https:\/\/x.com\/KingstonCHC"]}]}},"featured_image_src":null,"featured_image_src_square":null,"_links":{"self":[{"href":"https:\/\/kchc.ca\/fr\/wp-json\/wp\/v2\/pages\/3509","targetHints":{"allow":["GET"]}}],"collection":[{"href":"https:\/\/kchc.ca\/fr\/wp-json\/wp\/v2\/pages"}],"about":[{"href":"https:\/\/kchc.ca\/fr\/wp-json\/wp\/v2\/types\/page"}],"author":[{"embeddable":true,"href":"https:\/\/kchc.ca\/fr\/wp-json\/wp\/v2\/users\/1"}],"replies":[{"embeddable":true,"href":"https:\/\/kchc.ca\/fr\/wp-json\/wp\/v2\/comments?post=3509"}],"version-history":[{"count":5,"href":"https:\/\/kchc.ca\/fr\/wp-json\/wp\/v2\/pages\/3509\/revisions"}],"predecessor-version":[{"id":3909,"href":"https:\/\/kchc.ca\/fr\/wp-json\/wp\/v2\/pages\/3509\/revisions\/3909"}],"up":[{"embeddable":true,"href":"https:\/\/kchc.ca\/fr\/wp-json\/wp\/v2\/pages\/152"}],"wp:attachment":[{"href":"https:\/\/kchc.ca\/fr\/wp-json\/wp\/v2\/media?parent=3509"}],"curies":[{"name":"wp","href":"https:\/\/api.w.org\/{rel}","templated":true}]}}