{"id":3517,"date":"2024-06-25T23:55:41","date_gmt":"2024-06-26T03:55:41","guid":{"rendered":"https:\/\/kchc.ca\/emploi\/"},"modified":"2025-04-22T15:16:18","modified_gmt":"2025-04-22T19:16:18","slug":"emploi","status":"publish","type":"page","link":"https:\/\/kchc.ca\/fr\/emploi\/","title":{"rendered":"Emploi"},"content":{"rendered":"\n<p>Kingston Community Health Centres encouragent les personnes qui souhaitent travailler pour notre organisation \u00e0 soumettre leur curriculum vitae \u00e0 notre service des ressources humaines en pr\u00e9cisant le poste ou le domaine d&rsquo;int\u00e9r\u00eat. Nous conservons les CV dans nos dossiers pendant une p\u00e9riode pouvant aller jusqu&rsquo;\u00e0 six mois. Veuillez soumettre votre curriculum vitae en remplissant le formulaire ci-dessous ou en l&rsquo;envoyant par la poste \u00e0 l&rsquo;adresse suivante  <\/p>\n\n<p><strong>Ressources humaines<br\/><\/strong>263 Weller Avenue, Unit 4<br\/>Kingston, ON<br\/>K7K 2V4<\/p>\n\n<p>KCHC est un employeur qui souscrit au principe de l&rsquo;\u00e9galit\u00e9 des chances et qui respecte les besoins et la diversit\u00e9 de ses employ\u00e9s. Si vous avez besoin d&rsquo;un am\u00e9nagement pour participer pleinement au processus de recrutement, veuillez en informer le d\u00e9partement des ressources humaines \u00e0 l&rsquo;adresse <a href=\"mailto:hr@kchc.ca\">hr@kchc.ca<\/a>. <\/p>\n","protected":false},"excerpt":{"rendered":"<p>Kingston Community Health Centres encouragent les personnes qui souhaitent travailler pour notre organisation \u00e0 soumettre leur curriculum vitae \u00e0 notre service des ressources humaines en pr\u00e9cisant le poste ou le domaine d&rsquo;int\u00e9r\u00eat. Nous conservons les CV dans nos dossiers pendant une p\u00e9riode pouvant aller jusqu&rsquo;\u00e0 six mois. Veuillez soumettre votre curriculum vitae en remplissant le [&hellip;]<\/p>\n","protected":false},"author":1,"featured_media":0,"parent":0,"menu_order":0,"comment_status":"closed","ping_status":"closed","template":"page-templates\/page-employment.php","meta":{"_acf_changed":false,"footnotes":""},"class_list":["post-3517","page","type-page","status-publish","hentry"],"acf":[],"yoast_head":"<!-- This site is optimized with the Yoast SEO plugin v27.3 - https:\/\/yoast.com\/product\/yoast-seo-wordpress\/ -->\n<title>Emploi - Centres de sant\u00e9 communautaires de Kingston<\/title>\n<meta name=\"robots\" content=\"index, follow, max-snippet:-1, max-image-preview:large, max-video-preview:-1\" \/>\n<link rel=\"canonical\" href=\"https:\/\/kchc.ca\/fr\/emploi\/\" \/>\n<meta property=\"og:locale\" content=\"fr_FR\" \/>\n<meta property=\"og:type\" content=\"article\" \/>\n<meta property=\"og:title\" content=\"Emploi - Centres de sant\u00e9 communautaires de Kingston\" \/>\n<meta property=\"og:description\" content=\"Kingston Community Health Centres encouragent les personnes qui souhaitent travailler pour notre organisation \u00e0 soumettre leur curriculum vitae \u00e0 notre service des ressources humaines en pr\u00e9cisant le poste ou le domaine d&rsquo;int\u00e9r\u00eat. Nous conservons les CV dans nos dossiers pendant une p\u00e9riode pouvant aller jusqu&rsquo;\u00e0 six mois. Veuillez soumettre votre curriculum vitae en remplissant le [&hellip;]\" \/>\n<meta property=\"og:url\" content=\"https:\/\/kchc.ca\/fr\/emploi\/\" \/>\n<meta property=\"og:site_name\" content=\"Centres de sant\u00e9 communautaires de Kingston\" \/>\n<meta property=\"article:publisher\" content=\"https:\/\/www.facebook.com\/KingstonCHC\/\" \/>\n<meta property=\"article:modified_time\" content=\"2025-04-22T19:16:18+00:00\" \/>\n<meta name=\"twitter:card\" content=\"summary_large_image\" \/>\n<meta name=\"twitter:site\" content=\"@KingstonCHC\" \/>\n<meta name=\"twitter:label1\" content=\"Dur\u00e9e de lecture estim\u00e9e\" \/>\n\t<meta name=\"twitter:data1\" content=\"1 minute\" \/>\n<script type=\"application\/ld+json\" class=\"yoast-schema-graph\">{\"@context\":\"https:\\\/\\\/schema.org\",\"@graph\":[{\"@type\":\"WebPage\",\"@id\":\"https:\\\/\\\/kchc.ca\\\/fr\\\/emploi\\\/\",\"url\":\"https:\\\/\\\/kchc.ca\\\/fr\\\/emploi\\\/\",\"name\":\"Emploi - Centres de sant\u00e9 communautaires de Kingston\",\"isPartOf\":{\"@id\":\"https:\\\/\\\/kchc.ca\\\/fr\\\/#website\"},\"datePublished\":\"2024-06-26T03:55:41+00:00\",\"dateModified\":\"2025-04-22T19:16:18+00:00\",\"breadcrumb\":{\"@id\":\"https:\\\/\\\/kchc.ca\\\/fr\\\/emploi\\\/#breadcrumb\"},\"inLanguage\":\"fr-FR\",\"potentialAction\":[{\"@type\":\"ReadAction\",\"target\":[\"https:\\\/\\\/kchc.ca\\\/fr\\\/emploi\\\/\"]}]},{\"@type\":\"BreadcrumbList\",\"@id\":\"https:\\\/\\\/kchc.ca\\\/fr\\\/emploi\\\/#breadcrumb\",\"itemListElement\":[{\"@type\":\"ListItem\",\"position\":1,\"name\":\"Home\",\"item\":\"https:\\\/\\\/kchc.ca\\\/fr\\\/\"},{\"@type\":\"ListItem\",\"position\":2,\"name\":\"Emploi\"}]},{\"@type\":\"WebSite\",\"@id\":\"https:\\\/\\\/kchc.ca\\\/fr\\\/#website\",\"url\":\"https:\\\/\\\/kchc.ca\\\/fr\\\/\",\"name\":\"Kingston Community Health Centres\",\"description\":\"\",\"publisher\":{\"@id\":\"https:\\\/\\\/kchc.ca\\\/fr\\\/#organization\"},\"potentialAction\":[{\"@type\":\"SearchAction\",\"target\":{\"@type\":\"EntryPoint\",\"urlTemplate\":\"https:\\\/\\\/kchc.ca\\\/fr\\\/?s={search_term_string}\"},\"query-input\":{\"@type\":\"PropertyValueSpecification\",\"valueRequired\":true,\"valueName\":\"search_term_string\"}}],\"inLanguage\":\"fr-FR\"},{\"@type\":\"Organization\",\"@id\":\"https:\\\/\\\/kchc.ca\\\/fr\\\/#organization\",\"name\":\"Kingston Community Health Centres\",\"url\":\"https:\\\/\\\/kchc.ca\\\/fr\\\/\",\"logo\":{\"@type\":\"ImageObject\",\"inLanguage\":\"fr-FR\",\"@id\":\"https:\\\/\\\/kchc.ca\\\/fr\\\/#\\\/schema\\\/logo\\\/image\\\/\",\"url\":\"https:\\\/\\\/kchc.ca\\\/wp-content\\\/uploads\\\/2024\\\/06\\\/KCHC-logo.png\",\"contentUrl\":\"https:\\\/\\\/kchc.ca\\\/wp-content\\\/uploads\\\/2024\\\/06\\\/KCHC-logo.png\",\"width\":1096,\"height\":398,\"caption\":\"Kingston Community Health Centres\"},\"image\":{\"@id\":\"https:\\\/\\\/kchc.ca\\\/fr\\\/#\\\/schema\\\/logo\\\/image\\\/\"},\"sameAs\":[\"https:\\\/\\\/www.facebook.com\\\/KingstonCHC\\\/\",\"https:\\\/\\\/x.com\\\/KingstonCHC\"]}]}<\/script>\n<!-- \/ Yoast SEO plugin. -->","yoast_head_json":{"title":"Emploi - Centres de sant\u00e9 communautaires de Kingston","robots":{"index":"index","follow":"follow","max-snippet":"max-snippet:-1","max-image-preview":"max-image-preview:large","max-video-preview":"max-video-preview:-1"},"canonical":"https:\/\/kchc.ca\/fr\/emploi\/","og_locale":"fr_FR","og_type":"article","og_title":"Emploi - Centres de sant\u00e9 communautaires de Kingston","og_description":"Kingston Community Health Centres encouragent les personnes qui souhaitent travailler pour notre organisation \u00e0 soumettre leur curriculum vitae \u00e0 notre service des ressources humaines en pr\u00e9cisant le poste ou le domaine d&rsquo;int\u00e9r\u00eat. Nous conservons les CV dans nos dossiers pendant une p\u00e9riode pouvant aller jusqu&rsquo;\u00e0 six mois. Veuillez soumettre votre curriculum vitae en remplissant le [&hellip;]","og_url":"https:\/\/kchc.ca\/fr\/emploi\/","og_site_name":"Centres de sant\u00e9 communautaires de Kingston","article_publisher":"https:\/\/www.facebook.com\/KingstonCHC\/","article_modified_time":"2025-04-22T19:16:18+00:00","twitter_card":"summary_large_image","twitter_site":"@KingstonCHC","twitter_misc":{"Dur\u00e9e de lecture estim\u00e9e":"1 minute"},"schema":{"@context":"https:\/\/schema.org","@graph":[{"@type":"WebPage","@id":"https:\/\/kchc.ca\/fr\/emploi\/","url":"https:\/\/kchc.ca\/fr\/emploi\/","name":"Emploi - Centres de sant\u00e9 communautaires de Kingston","isPartOf":{"@id":"https:\/\/kchc.ca\/fr\/#website"},"datePublished":"2024-06-26T03:55:41+00:00","dateModified":"2025-04-22T19:16:18+00:00","breadcrumb":{"@id":"https:\/\/kchc.ca\/fr\/emploi\/#breadcrumb"},"inLanguage":"fr-FR","potentialAction":[{"@type":"ReadAction","target":["https:\/\/kchc.ca\/fr\/emploi\/"]}]},{"@type":"BreadcrumbList","@id":"https:\/\/kchc.ca\/fr\/emploi\/#breadcrumb","itemListElement":[{"@type":"ListItem","position":1,"name":"Home","item":"https:\/\/kchc.ca\/fr\/"},{"@type":"ListItem","position":2,"name":"Emploi"}]},{"@type":"WebSite","@id":"https:\/\/kchc.ca\/fr\/#website","url":"https:\/\/kchc.ca\/fr\/","name":"Kingston Community Health Centres","description":"","publisher":{"@id":"https:\/\/kchc.ca\/fr\/#organization"},"potentialAction":[{"@type":"SearchAction","target":{"@type":"EntryPoint","urlTemplate":"https:\/\/kchc.ca\/fr\/?s={search_term_string}"},"query-input":{"@type":"PropertyValueSpecification","valueRequired":true,"valueName":"search_term_string"}}],"inLanguage":"fr-FR"},{"@type":"Organization","@id":"https:\/\/kchc.ca\/fr\/#organization","name":"Kingston Community Health Centres","url":"https:\/\/kchc.ca\/fr\/","logo":{"@type":"ImageObject","inLanguage":"fr-FR","@id":"https:\/\/kchc.ca\/fr\/#\/schema\/logo\/image\/","url":"https:\/\/kchc.ca\/wp-content\/uploads\/2024\/06\/KCHC-logo.png","contentUrl":"https:\/\/kchc.ca\/wp-content\/uploads\/2024\/06\/KCHC-logo.png","width":1096,"height":398,"caption":"Kingston Community Health Centres"},"image":{"@id":"https:\/\/kchc.ca\/fr\/#\/schema\/logo\/image\/"},"sameAs":["https:\/\/www.facebook.com\/KingstonCHC\/","https:\/\/x.com\/KingstonCHC"]}]}},"featured_image_src":null,"featured_image_src_square":null,"_links":{"self":[{"href":"https:\/\/kchc.ca\/fr\/wp-json\/wp\/v2\/pages\/3517","targetHints":{"allow":["GET"]}}],"collection":[{"href":"https:\/\/kchc.ca\/fr\/wp-json\/wp\/v2\/pages"}],"about":[{"href":"https:\/\/kchc.ca\/fr\/wp-json\/wp\/v2\/types\/page"}],"author":[{"embeddable":true,"href":"https:\/\/kchc.ca\/fr\/wp-json\/wp\/v2\/users\/1"}],"replies":[{"embeddable":true,"href":"https:\/\/kchc.ca\/fr\/wp-json\/wp\/v2\/comments?post=3517"}],"version-history":[{"count":3,"href":"https:\/\/kchc.ca\/fr\/wp-json\/wp\/v2\/pages\/3517\/revisions"}],"predecessor-version":[{"id":3648,"href":"https:\/\/kchc.ca\/fr\/wp-json\/wp\/v2\/pages\/3517\/revisions\/3648"}],"wp:attachment":[{"href":"https:\/\/kchc.ca\/fr\/wp-json\/wp\/v2\/media?parent=3517"}],"curies":[{"name":"wp","href":"https:\/\/api.w.org\/{rel}","templated":true}]}}