{"id":3519,"date":"2024-10-01T17:07:38","date_gmt":"2024-10-01T21:07:38","guid":{"rendered":"https:\/\/kchc.ca\/bulletin-dinformation\/"},"modified":"2025-04-22T15:21:14","modified_gmt":"2025-04-22T19:21:14","slug":"bulletin-dinformation","status":"publish","type":"page","link":"https:\/\/kchc.ca\/fr\/bulletin-dinformation\/","title":{"rendered":"Bulletin d&rsquo;information"},"content":{"rendered":"\n<p>KCHC publie une lettre d&rsquo;information trimestrielle, intitul\u00e9e <em>You Heard it Here<\/em>. C&rsquo;est l&rsquo;occasion de partager l&rsquo;incroyable travail accompli et de mettre en lumi\u00e8re les histoires qui comptent pour vous ! Restez \u00e0 l&rsquo;\u00e9coute pour obtenir des informations pr\u00e9cieuses, des mises \u00e0 jour et des moyens de participer. Nous avons h\u00e2te que vous vous y plongiez ! Si vous avez des suggestions de sujets que vous aimeriez nous voir traiter \u00e0 l&rsquo;avenir, \u00e9crivez-nous \u00e0 <a href=\"mailto:communications@kchc.ca\">communications@kchc.ca<\/a>. Le bulletin est disponible uniquement en anglais.    <\/p>\n\n<div id=\"mc_embed_shell\">\n      <link href=\"\/\/cdn-images.mailchimp.com\/embedcode\/classic-061523.css\" rel=\"stylesheet\" type=\"text\/css\"\/>\n  <style type=\"text\/css\">\n        #mc_embed_signup{background:#fff; false;clear:left; font:14px Helvetica,Arial,sans-serif; width: 600px;}\n        \/* Add your own Mailchimp form style overrides in your site stylesheet or in this style block.\n           We recommend moving this block and the preceding CSS link to the HEAD of your HTML file. *\/\n<\/style>\n<div id=\"mc_embed_signup\">\n    <form action=\"https:\/\/kchc.us12.list-manage.com\/subscribe\/post?u=912f7de0e6b56ac80f03d79bf&#038;id=951c5868b6&#038;f_id=0058dae8f0\" method=\"post\" id=\"mc-embedded-subscribe-form\" name=\"mc-embedded-subscribe-form\" class=\"validate\" target=\"_blank\">\n        <div id=\"mc_embed_signup_scroll\"><h2>S&rsquo;abonner \u00e0 notre newsletter<\/h2>\n            <div class=\"indicates-required\"><span class=\"asterisk\">*<\/span> indique qu&rsquo;il est n\u00e9cessaire<\/div>\n            <div class=\"mc-field-group\"><label for=\"mce-EMAIL\">Adresse \u00e9lectronique <span class=\"asterisk\">*<\/span><\/label><input type=\"email\" name=\"EMAIL\" class=\"required email\" id=\"mce-EMAIL\" required=\"\" value=\"\"\/><\/div>\n        <div id=\"mce-responses\" class=\"clear\">\n            <div class=\"response\" id=\"mce-error-response\" style=\"display: none;\"><\/div>\n            <div class=\"response\" id=\"mce-success-response\" style=\"display: none;\"><\/div>\n        <\/div><div aria-hidden=\"true\" style=\"position: absolute; left: -5000px;\"><input type=\"text\" name=\"b_912f7de0e6b56ac80f03d79bf_951c5868b6\" tabindex=\"-1\" value=\"\"\/><\/div><div class=\"clear\"><input type=\"submit\" name=\"subscribe\" id=\"mc-embedded-subscribe\" class=\"button\" value=\"S'abonner\"\/><\/div>\n    <\/div>\n<\/form>\n<\/div>\n<script type=\"text\/javascript\" src=\"\/\/s3.amazonaws.com\/downloads.mailchimp.com\/js\/mc-validate.js\"><\/script><script type=\"text\/javascript\">(function($) {window.fnames = new Array(); window.ftypes = new Array();fnames[0]='EMAIL';ftypes[0]='email';fnames[1]='FNAME';ftypes[1]='text';fnames[2]='LNAME';ftypes[2]='text';fnames[3]='ADDRESS';ftypes[3]='address';fnames[4]='PHONE';ftypes[4]='phone';}(jQuery));var $mcj = jQuery.noConflict(true);<\/script><\/div>\n\n<div style=\"height:50px\" aria-hidden=\"true\" class=\"wp-block-spacer\"><\/div>\n\n<h2 class=\"wp-block-heading\">Archives des anciens bulletins d&rsquo;information<\/h2>\n\n<style type=\"text\/css\">\n            .display_archive {font-family: arial,verdana; font-size: 16px;}\n          .campaign {line-height: 125%; margin: 25px 0;}\n<\/style>\n          <script language=\"javascript\" src=\"https:\/\/kchc.us12.list-manage.com\/generate-js\/?u=912f7de0e6b56ac80f03d79bf&#038;show=10&#038;fid=23147\" type=\"text\/javascript\"><\/script>\n","protected":false},"excerpt":{"rendered":"<p>KCHC publie une lettre d&rsquo;information trimestrielle, intitul\u00e9e You Heard it Here. C&rsquo;est l&rsquo;occasion de partager l&rsquo;incroyable travail accompli et de mettre en lumi\u00e8re les histoires qui comptent pour vous ! Restez \u00e0 l&rsquo;\u00e9coute pour obtenir des informations pr\u00e9cieuses, des mises \u00e0 jour et des moyens de participer. Nous avons h\u00e2te que vous vous y plongiez [&hellip;]<\/p>\n","protected":false},"author":1,"featured_media":0,"parent":0,"menu_order":0,"comment_status":"closed","ping_status":"closed","template":"","meta":{"_acf_changed":false,"footnotes":""},"class_list":["post-3519","page","type-page","status-publish","hentry"],"acf":[],"yoast_head":"<!-- This site is optimized with the Yoast SEO plugin v27.3 - https:\/\/yoast.com\/product\/yoast-seo-wordpress\/ -->\n<title>Bulletin d&#039;information - Centres de sant\u00e9 communautaires de Kingston<\/title>\n<meta name=\"robots\" content=\"index, follow, max-snippet:-1, max-image-preview:large, max-video-preview:-1\" \/>\n<link rel=\"canonical\" href=\"https:\/\/kchc.ca\/fr\/bulletin-dinformation\/\" \/>\n<meta property=\"og:locale\" content=\"fr_FR\" \/>\n<meta property=\"og:type\" content=\"article\" \/>\n<meta property=\"og:title\" content=\"Bulletin d&#039;information - Centres de sant\u00e9 communautaires de Kingston\" \/>\n<meta property=\"og:description\" content=\"KCHC publie une lettre d&rsquo;information trimestrielle, intitul\u00e9e You Heard it Here. C&rsquo;est l&rsquo;occasion de partager l&rsquo;incroyable travail accompli et de mettre en lumi\u00e8re les histoires qui comptent pour vous ! Restez \u00e0 l&rsquo;\u00e9coute pour obtenir des informations pr\u00e9cieuses, des mises \u00e0 jour et des moyens de participer. Nous avons h\u00e2te que vous vous y plongiez [&hellip;]\" \/>\n<meta property=\"og:url\" content=\"https:\/\/kchc.ca\/fr\/bulletin-dinformation\/\" \/>\n<meta property=\"og:site_name\" content=\"Centres de sant\u00e9 communautaires de Kingston\" \/>\n<meta property=\"article:publisher\" content=\"https:\/\/www.facebook.com\/KingstonCHC\/\" \/>\n<meta property=\"article:modified_time\" content=\"2025-04-22T19:21:14+00:00\" \/>\n<meta name=\"twitter:card\" content=\"summary_large_image\" \/>\n<meta name=\"twitter:site\" content=\"@KingstonCHC\" \/>\n<script type=\"application\/ld+json\" class=\"yoast-schema-graph\">{\"@context\":\"https:\\\/\\\/schema.org\",\"@graph\":[{\"@type\":\"WebPage\",\"@id\":\"https:\\\/\\\/kchc.ca\\\/fr\\\/bulletin-dinformation\\\/\",\"url\":\"https:\\\/\\\/kchc.ca\\\/fr\\\/bulletin-dinformation\\\/\",\"name\":\"Bulletin d'information - Centres de sant\u00e9 communautaires de Kingston\",\"isPartOf\":{\"@id\":\"https:\\\/\\\/kchc.ca\\\/fr\\\/#website\"},\"datePublished\":\"2024-10-01T21:07:38+00:00\",\"dateModified\":\"2025-04-22T19:21:14+00:00\",\"breadcrumb\":{\"@id\":\"https:\\\/\\\/kchc.ca\\\/fr\\\/bulletin-dinformation\\\/#breadcrumb\"},\"inLanguage\":\"fr-FR\",\"potentialAction\":[{\"@type\":\"ReadAction\",\"target\":[\"https:\\\/\\\/kchc.ca\\\/fr\\\/bulletin-dinformation\\\/\"]}]},{\"@type\":\"BreadcrumbList\",\"@id\":\"https:\\\/\\\/kchc.ca\\\/fr\\\/bulletin-dinformation\\\/#breadcrumb\",\"itemListElement\":[{\"@type\":\"ListItem\",\"position\":1,\"name\":\"Home\",\"item\":\"https:\\\/\\\/kchc.ca\\\/fr\\\/\"},{\"@type\":\"ListItem\",\"position\":2,\"name\":\"Bulletin d&#8217;information\"}]},{\"@type\":\"WebSite\",\"@id\":\"https:\\\/\\\/kchc.ca\\\/fr\\\/#website\",\"url\":\"https:\\\/\\\/kchc.ca\\\/fr\\\/\",\"name\":\"Kingston Community Health Centres\",\"description\":\"\",\"publisher\":{\"@id\":\"https:\\\/\\\/kchc.ca\\\/fr\\\/#organization\"},\"potentialAction\":[{\"@type\":\"SearchAction\",\"target\":{\"@type\":\"EntryPoint\",\"urlTemplate\":\"https:\\\/\\\/kchc.ca\\\/fr\\\/?s={search_term_string}\"},\"query-input\":{\"@type\":\"PropertyValueSpecification\",\"valueRequired\":true,\"valueName\":\"search_term_string\"}}],\"inLanguage\":\"fr-FR\"},{\"@type\":\"Organization\",\"@id\":\"https:\\\/\\\/kchc.ca\\\/fr\\\/#organization\",\"name\":\"Kingston Community Health Centres\",\"url\":\"https:\\\/\\\/kchc.ca\\\/fr\\\/\",\"logo\":{\"@type\":\"ImageObject\",\"inLanguage\":\"fr-FR\",\"@id\":\"https:\\\/\\\/kchc.ca\\\/fr\\\/#\\\/schema\\\/logo\\\/image\\\/\",\"url\":\"https:\\\/\\\/kchc.ca\\\/wp-content\\\/uploads\\\/2024\\\/06\\\/KCHC-logo.png\",\"contentUrl\":\"https:\\\/\\\/kchc.ca\\\/wp-content\\\/uploads\\\/2024\\\/06\\\/KCHC-logo.png\",\"width\":1096,\"height\":398,\"caption\":\"Kingston Community Health Centres\"},\"image\":{\"@id\":\"https:\\\/\\\/kchc.ca\\\/fr\\\/#\\\/schema\\\/logo\\\/image\\\/\"},\"sameAs\":[\"https:\\\/\\\/www.facebook.com\\\/KingstonCHC\\\/\",\"https:\\\/\\\/x.com\\\/KingstonCHC\"]}]}<\/script>\n<!-- \/ Yoast SEO plugin. -->","yoast_head_json":{"title":"Bulletin d'information - Centres de sant\u00e9 communautaires de Kingston","robots":{"index":"index","follow":"follow","max-snippet":"max-snippet:-1","max-image-preview":"max-image-preview:large","max-video-preview":"max-video-preview:-1"},"canonical":"https:\/\/kchc.ca\/fr\/bulletin-dinformation\/","og_locale":"fr_FR","og_type":"article","og_title":"Bulletin d'information - Centres de sant\u00e9 communautaires de Kingston","og_description":"KCHC publie une lettre d&rsquo;information trimestrielle, intitul\u00e9e You Heard it Here. C&rsquo;est l&rsquo;occasion de partager l&rsquo;incroyable travail accompli et de mettre en lumi\u00e8re les histoires qui comptent pour vous ! Restez \u00e0 l&rsquo;\u00e9coute pour obtenir des informations pr\u00e9cieuses, des mises \u00e0 jour et des moyens de participer. Nous avons h\u00e2te que vous vous y plongiez [&hellip;]","og_url":"https:\/\/kchc.ca\/fr\/bulletin-dinformation\/","og_site_name":"Centres de sant\u00e9 communautaires de Kingston","article_publisher":"https:\/\/www.facebook.com\/KingstonCHC\/","article_modified_time":"2025-04-22T19:21:14+00:00","twitter_card":"summary_large_image","twitter_site":"@KingstonCHC","schema":{"@context":"https:\/\/schema.org","@graph":[{"@type":"WebPage","@id":"https:\/\/kchc.ca\/fr\/bulletin-dinformation\/","url":"https:\/\/kchc.ca\/fr\/bulletin-dinformation\/","name":"Bulletin d'information - Centres de sant\u00e9 communautaires de Kingston","isPartOf":{"@id":"https:\/\/kchc.ca\/fr\/#website"},"datePublished":"2024-10-01T21:07:38+00:00","dateModified":"2025-04-22T19:21:14+00:00","breadcrumb":{"@id":"https:\/\/kchc.ca\/fr\/bulletin-dinformation\/#breadcrumb"},"inLanguage":"fr-FR","potentialAction":[{"@type":"ReadAction","target":["https:\/\/kchc.ca\/fr\/bulletin-dinformation\/"]}]},{"@type":"BreadcrumbList","@id":"https:\/\/kchc.ca\/fr\/bulletin-dinformation\/#breadcrumb","itemListElement":[{"@type":"ListItem","position":1,"name":"Home","item":"https:\/\/kchc.ca\/fr\/"},{"@type":"ListItem","position":2,"name":"Bulletin d&#8217;information"}]},{"@type":"WebSite","@id":"https:\/\/kchc.ca\/fr\/#website","url":"https:\/\/kchc.ca\/fr\/","name":"Kingston Community Health Centres","description":"","publisher":{"@id":"https:\/\/kchc.ca\/fr\/#organization"},"potentialAction":[{"@type":"SearchAction","target":{"@type":"EntryPoint","urlTemplate":"https:\/\/kchc.ca\/fr\/?s={search_term_string}"},"query-input":{"@type":"PropertyValueSpecification","valueRequired":true,"valueName":"search_term_string"}}],"inLanguage":"fr-FR"},{"@type":"Organization","@id":"https:\/\/kchc.ca\/fr\/#organization","name":"Kingston Community Health Centres","url":"https:\/\/kchc.ca\/fr\/","logo":{"@type":"ImageObject","inLanguage":"fr-FR","@id":"https:\/\/kchc.ca\/fr\/#\/schema\/logo\/image\/","url":"https:\/\/kchc.ca\/wp-content\/uploads\/2024\/06\/KCHC-logo.png","contentUrl":"https:\/\/kchc.ca\/wp-content\/uploads\/2024\/06\/KCHC-logo.png","width":1096,"height":398,"caption":"Kingston Community Health Centres"},"image":{"@id":"https:\/\/kchc.ca\/fr\/#\/schema\/logo\/image\/"},"sameAs":["https:\/\/www.facebook.com\/KingstonCHC\/","https:\/\/x.com\/KingstonCHC"]}]}},"featured_image_src":null,"featured_image_src_square":null,"_links":{"self":[{"href":"https:\/\/kchc.ca\/fr\/wp-json\/wp\/v2\/pages\/3519","targetHints":{"allow":["GET"]}}],"collection":[{"href":"https:\/\/kchc.ca\/fr\/wp-json\/wp\/v2\/pages"}],"about":[{"href":"https:\/\/kchc.ca\/fr\/wp-json\/wp\/v2\/types\/page"}],"author":[{"embeddable":true,"href":"https:\/\/kchc.ca\/fr\/wp-json\/wp\/v2\/users\/1"}],"replies":[{"embeddable":true,"href":"https:\/\/kchc.ca\/fr\/wp-json\/wp\/v2\/comments?post=3519"}],"version-history":[{"count":3,"href":"https:\/\/kchc.ca\/fr\/wp-json\/wp\/v2\/pages\/3519\/revisions"}],"predecessor-version":[{"id":3651,"href":"https:\/\/kchc.ca\/fr\/wp-json\/wp\/v2\/pages\/3519\/revisions\/3651"}],"wp:attachment":[{"href":"https:\/\/kchc.ca\/fr\/wp-json\/wp\/v2\/media?parent=3519"}],"curies":[{"name":"wp","href":"https:\/\/api.w.org\/{rel}","templated":true}]}}