{"id":3521,"date":"2024-06-25T17:59:53","date_gmt":"2024-06-25T21:59:53","guid":{"rendered":"https:\/\/kchc.ca\/les-etudiants\/"},"modified":"2025-04-22T15:22:55","modified_gmt":"2025-04-22T19:22:55","slug":"les-etudiants","status":"publish","type":"page","link":"https:\/\/kchc.ca\/fr\/les-etudiants\/","title":{"rendered":"Les \u00e9tudiants"},"content":{"rendered":"\n<p>Kingston Community Health Centres (KCHC) soutiennent le processus d&rsquo;apprentissage des \u00e9tudiants et s&rsquo;engagent \u00e0 collaborer avec les \u00e9tudiants et les \u00e9tablissements d&rsquo;enseignement postsecondaire pour leur offrir des possibilit\u00e9s de placement. Vous trouverez ci-dessous quelques-unes des possibilit\u00e9s offertes aux \u00e9tudiants par notre organisation. <\/p>\n\n<p><strong>Placements<\/strong><\/p>\n\n<p>Le KCHC offre des possibilit\u00e9s de stages professionnels non r\u00e9mun\u00e9r\u00e9s dans le cadre d&rsquo;un cours ou d&rsquo;un programme. Si vous souhaitez en savoir plus sur nos possibilit\u00e9s de placement (y compris les placements coop\u00e9ratifs), veuillez envoyer un courriel \u00e0 <a href=\"mailto:catherines@kchc.ca\">catherines@kchc.ca<\/a>. <\/p>\n\n<p><strong>Observatoires<\/strong><\/p>\n\n<p>Les \u00e9tudiants peuvent suivre un membre du personnel du KCHC pendant un \u00e0 deux jours afin d&rsquo;acqu\u00e9rir des connaissances dans leur domaine d&rsquo;int\u00e9r\u00eat. Si vous \u00eates int\u00e9ress\u00e9 par un stage d&rsquo;observation, veuillez envoyer un courriel \u00e0 catherines@kchc.ca. <\/p>\n\n<p><strong>Activit\u00e9s de participation communautaire (requises pour l&rsquo;obtention du dipl\u00f4me d&rsquo;\u00e9tudes secondaires de l&rsquo;Ontario)<\/strong><\/p>\n\n<p>Veuillez consulter notre <a href=\"https:\/\/kchc.ca\/fr\/a-propos-de-nous\/benevole\/\">page sur le b\u00e9n\u00e9volat<\/a><\/p>\n","protected":false},"excerpt":{"rendered":"<p>Kingston Community Health Centres (KCHC) soutiennent le processus d&rsquo;apprentissage des \u00e9tudiants et s&rsquo;engagent \u00e0 collaborer avec les \u00e9tudiants et les \u00e9tablissements d&rsquo;enseignement postsecondaire pour leur offrir des possibilit\u00e9s de placement. Vous trouverez ci-dessous quelques-unes des possibilit\u00e9s offertes aux \u00e9tudiants par notre organisation. Placements Le KCHC offre des possibilit\u00e9s de stages professionnels non r\u00e9mun\u00e9r\u00e9s dans le [&hellip;]<\/p>\n","protected":false},"author":1,"featured_media":0,"parent":0,"menu_order":0,"comment_status":"closed","ping_status":"closed","template":"","meta":{"_acf_changed":false,"footnotes":""},"class_list":["post-3521","page","type-page","status-publish","hentry"],"acf":[],"yoast_head":"<!-- This site is optimized with the Yoast SEO plugin v27.3 - https:\/\/yoast.com\/product\/yoast-seo-wordpress\/ -->\n<title>Les \u00e9tudiants - Centres de sant\u00e9 communautaires de Kingston<\/title>\n<meta name=\"robots\" content=\"index, follow, max-snippet:-1, max-image-preview:large, max-video-preview:-1\" \/>\n<link rel=\"canonical\" href=\"https:\/\/kchc.ca\/fr\/les-etudiants\/\" \/>\n<meta property=\"og:locale\" content=\"fr_FR\" \/>\n<meta property=\"og:type\" content=\"article\" \/>\n<meta property=\"og:title\" content=\"Les \u00e9tudiants - Centres de sant\u00e9 communautaires de Kingston\" \/>\n<meta property=\"og:description\" content=\"Kingston Community Health Centres (KCHC) soutiennent le processus d&rsquo;apprentissage des \u00e9tudiants et s&rsquo;engagent \u00e0 collaborer avec les \u00e9tudiants et les \u00e9tablissements d&rsquo;enseignement postsecondaire pour leur offrir des possibilit\u00e9s de placement. Vous trouverez ci-dessous quelques-unes des possibilit\u00e9s offertes aux \u00e9tudiants par notre organisation. Placements Le KCHC offre des possibilit\u00e9s de stages professionnels non r\u00e9mun\u00e9r\u00e9s dans le [&hellip;]\" \/>\n<meta property=\"og:url\" content=\"https:\/\/kchc.ca\/fr\/les-etudiants\/\" \/>\n<meta property=\"og:site_name\" content=\"Centres de sant\u00e9 communautaires de Kingston\" \/>\n<meta property=\"article:publisher\" content=\"https:\/\/www.facebook.com\/KingstonCHC\/\" \/>\n<meta property=\"article:modified_time\" content=\"2025-04-22T19:22:55+00:00\" \/>\n<meta name=\"twitter:card\" content=\"summary_large_image\" \/>\n<meta name=\"twitter:site\" content=\"@KingstonCHC\" \/>\n<meta name=\"twitter:label1\" content=\"Dur\u00e9e de lecture estim\u00e9e\" \/>\n\t<meta name=\"twitter:data1\" content=\"1 minute\" \/>\n<script type=\"application\/ld+json\" class=\"yoast-schema-graph\">{\"@context\":\"https:\\\/\\\/schema.org\",\"@graph\":[{\"@type\":\"WebPage\",\"@id\":\"https:\\\/\\\/kchc.ca\\\/fr\\\/les-etudiants\\\/\",\"url\":\"https:\\\/\\\/kchc.ca\\\/fr\\\/les-etudiants\\\/\",\"name\":\"Les \u00e9tudiants - Centres de sant\u00e9 communautaires de Kingston\",\"isPartOf\":{\"@id\":\"https:\\\/\\\/kchc.ca\\\/fr\\\/#website\"},\"datePublished\":\"2024-06-25T21:59:53+00:00\",\"dateModified\":\"2025-04-22T19:22:55+00:00\",\"breadcrumb\":{\"@id\":\"https:\\\/\\\/kchc.ca\\\/fr\\\/les-etudiants\\\/#breadcrumb\"},\"inLanguage\":\"fr-FR\",\"potentialAction\":[{\"@type\":\"ReadAction\",\"target\":[\"https:\\\/\\\/kchc.ca\\\/fr\\\/les-etudiants\\\/\"]}]},{\"@type\":\"BreadcrumbList\",\"@id\":\"https:\\\/\\\/kchc.ca\\\/fr\\\/les-etudiants\\\/#breadcrumb\",\"itemListElement\":[{\"@type\":\"ListItem\",\"position\":1,\"name\":\"Home\",\"item\":\"https:\\\/\\\/kchc.ca\\\/fr\\\/\"},{\"@type\":\"ListItem\",\"position\":2,\"name\":\"Les \u00e9tudiants\"}]},{\"@type\":\"WebSite\",\"@id\":\"https:\\\/\\\/kchc.ca\\\/fr\\\/#website\",\"url\":\"https:\\\/\\\/kchc.ca\\\/fr\\\/\",\"name\":\"Kingston Community Health Centres\",\"description\":\"\",\"publisher\":{\"@id\":\"https:\\\/\\\/kchc.ca\\\/fr\\\/#organization\"},\"potentialAction\":[{\"@type\":\"SearchAction\",\"target\":{\"@type\":\"EntryPoint\",\"urlTemplate\":\"https:\\\/\\\/kchc.ca\\\/fr\\\/?s={search_term_string}\"},\"query-input\":{\"@type\":\"PropertyValueSpecification\",\"valueRequired\":true,\"valueName\":\"search_term_string\"}}],\"inLanguage\":\"fr-FR\"},{\"@type\":\"Organization\",\"@id\":\"https:\\\/\\\/kchc.ca\\\/fr\\\/#organization\",\"name\":\"Kingston Community Health Centres\",\"url\":\"https:\\\/\\\/kchc.ca\\\/fr\\\/\",\"logo\":{\"@type\":\"ImageObject\",\"inLanguage\":\"fr-FR\",\"@id\":\"https:\\\/\\\/kchc.ca\\\/fr\\\/#\\\/schema\\\/logo\\\/image\\\/\",\"url\":\"https:\\\/\\\/kchc.ca\\\/wp-content\\\/uploads\\\/2024\\\/06\\\/KCHC-logo.png\",\"contentUrl\":\"https:\\\/\\\/kchc.ca\\\/wp-content\\\/uploads\\\/2024\\\/06\\\/KCHC-logo.png\",\"width\":1096,\"height\":398,\"caption\":\"Kingston Community Health Centres\"},\"image\":{\"@id\":\"https:\\\/\\\/kchc.ca\\\/fr\\\/#\\\/schema\\\/logo\\\/image\\\/\"},\"sameAs\":[\"https:\\\/\\\/www.facebook.com\\\/KingstonCHC\\\/\",\"https:\\\/\\\/x.com\\\/KingstonCHC\"]}]}<\/script>\n<!-- \/ Yoast SEO plugin. -->","yoast_head_json":{"title":"Les \u00e9tudiants - Centres de sant\u00e9 communautaires de Kingston","robots":{"index":"index","follow":"follow","max-snippet":"max-snippet:-1","max-image-preview":"max-image-preview:large","max-video-preview":"max-video-preview:-1"},"canonical":"https:\/\/kchc.ca\/fr\/les-etudiants\/","og_locale":"fr_FR","og_type":"article","og_title":"Les \u00e9tudiants - Centres de sant\u00e9 communautaires de Kingston","og_description":"Kingston Community Health Centres (KCHC) soutiennent le processus d&rsquo;apprentissage des \u00e9tudiants et s&rsquo;engagent \u00e0 collaborer avec les \u00e9tudiants et les \u00e9tablissements d&rsquo;enseignement postsecondaire pour leur offrir des possibilit\u00e9s de placement. Vous trouverez ci-dessous quelques-unes des possibilit\u00e9s offertes aux \u00e9tudiants par notre organisation. Placements Le KCHC offre des possibilit\u00e9s de stages professionnels non r\u00e9mun\u00e9r\u00e9s dans le [&hellip;]","og_url":"https:\/\/kchc.ca\/fr\/les-etudiants\/","og_site_name":"Centres de sant\u00e9 communautaires de Kingston","article_publisher":"https:\/\/www.facebook.com\/KingstonCHC\/","article_modified_time":"2025-04-22T19:22:55+00:00","twitter_card":"summary_large_image","twitter_site":"@KingstonCHC","twitter_misc":{"Dur\u00e9e de lecture estim\u00e9e":"1 minute"},"schema":{"@context":"https:\/\/schema.org","@graph":[{"@type":"WebPage","@id":"https:\/\/kchc.ca\/fr\/les-etudiants\/","url":"https:\/\/kchc.ca\/fr\/les-etudiants\/","name":"Les \u00e9tudiants - Centres de sant\u00e9 communautaires de Kingston","isPartOf":{"@id":"https:\/\/kchc.ca\/fr\/#website"},"datePublished":"2024-06-25T21:59:53+00:00","dateModified":"2025-04-22T19:22:55+00:00","breadcrumb":{"@id":"https:\/\/kchc.ca\/fr\/les-etudiants\/#breadcrumb"},"inLanguage":"fr-FR","potentialAction":[{"@type":"ReadAction","target":["https:\/\/kchc.ca\/fr\/les-etudiants\/"]}]},{"@type":"BreadcrumbList","@id":"https:\/\/kchc.ca\/fr\/les-etudiants\/#breadcrumb","itemListElement":[{"@type":"ListItem","position":1,"name":"Home","item":"https:\/\/kchc.ca\/fr\/"},{"@type":"ListItem","position":2,"name":"Les \u00e9tudiants"}]},{"@type":"WebSite","@id":"https:\/\/kchc.ca\/fr\/#website","url":"https:\/\/kchc.ca\/fr\/","name":"Kingston Community Health Centres","description":"","publisher":{"@id":"https:\/\/kchc.ca\/fr\/#organization"},"potentialAction":[{"@type":"SearchAction","target":{"@type":"EntryPoint","urlTemplate":"https:\/\/kchc.ca\/fr\/?s={search_term_string}"},"query-input":{"@type":"PropertyValueSpecification","valueRequired":true,"valueName":"search_term_string"}}],"inLanguage":"fr-FR"},{"@type":"Organization","@id":"https:\/\/kchc.ca\/fr\/#organization","name":"Kingston Community Health Centres","url":"https:\/\/kchc.ca\/fr\/","logo":{"@type":"ImageObject","inLanguage":"fr-FR","@id":"https:\/\/kchc.ca\/fr\/#\/schema\/logo\/image\/","url":"https:\/\/kchc.ca\/wp-content\/uploads\/2024\/06\/KCHC-logo.png","contentUrl":"https:\/\/kchc.ca\/wp-content\/uploads\/2024\/06\/KCHC-logo.png","width":1096,"height":398,"caption":"Kingston Community Health Centres"},"image":{"@id":"https:\/\/kchc.ca\/fr\/#\/schema\/logo\/image\/"},"sameAs":["https:\/\/www.facebook.com\/KingstonCHC\/","https:\/\/x.com\/KingstonCHC"]}]}},"featured_image_src":null,"featured_image_src_square":null,"_links":{"self":[{"href":"https:\/\/kchc.ca\/fr\/wp-json\/wp\/v2\/pages\/3521","targetHints":{"allow":["GET"]}}],"collection":[{"href":"https:\/\/kchc.ca\/fr\/wp-json\/wp\/v2\/pages"}],"about":[{"href":"https:\/\/kchc.ca\/fr\/wp-json\/wp\/v2\/types\/page"}],"author":[{"embeddable":true,"href":"https:\/\/kchc.ca\/fr\/wp-json\/wp\/v2\/users\/1"}],"replies":[{"embeddable":true,"href":"https:\/\/kchc.ca\/fr\/wp-json\/wp\/v2\/comments?post=3521"}],"version-history":[{"count":3,"href":"https:\/\/kchc.ca\/fr\/wp-json\/wp\/v2\/pages\/3521\/revisions"}],"predecessor-version":[{"id":3653,"href":"https:\/\/kchc.ca\/fr\/wp-json\/wp\/v2\/pages\/3521\/revisions\/3653"}],"wp:attachment":[{"href":"https:\/\/kchc.ca\/fr\/wp-json\/wp\/v2\/media?parent=3521"}],"curies":[{"name":"wp","href":"https:\/\/api.w.org\/{rel}","templated":true}]}}