{"id":3523,"date":"2024-04-16T07:34:37","date_gmt":"2024-04-16T11:34:37","guid":{"rendered":"https:\/\/kchc.ca\/protection-de-la-vie-privee-sur-le-site-web\/"},"modified":"2025-04-15T11:38:55","modified_gmt":"2025-04-15T15:38:55","slug":"protection-de-la-vie-privee-sur-le-site-web","status":"publish","type":"page","link":"https:\/\/kchc.ca\/fr\/protection-de-la-vie-privee-sur-le-site-web\/","title":{"rendered":"Protection de la vie priv\u00e9e sur le site web"},"content":{"rendered":"\n<h3 class=\"wp-block-heading\">Quelles sont les informations que nous recueillons ?<\/h3>\n\n<p>Vous pouvez visiter notre site de mani\u00e8re anonyme. Toutefois, nous recueillons des informations vous concernant lorsque vous vous inscrivez \u00e0 nos mises \u00e0 jour par courrier \u00e9lectronique ou lorsque vous remplissez un formulaire. Lorsque vous vous inscrivez \u00e0 notre lettre d&rsquo;information ou que vous remplissez un formulaire sur notre site, il vous sera demand\u00e9, selon le cas, de saisir votre nom et votre adresse \u00e9lectronique. Si vous nous communiquez vos informations personnelles, nous ne les utiliserons qu&rsquo;aux fins pr\u00e9vues, nous cesserons de les utiliser si vous nous le demandez et nous les d\u00e9truirons lorsqu&rsquo;elles ne seront plus n\u00e9cessaires.   <\/p>\n\n<h3 class=\"wp-block-heading\">\u00c0 quelles fins utilisons-nous vos informations ?<\/h3>\n\n<p>Les informations que nous recueillons aupr\u00e8s de vous peuvent \u00eatre utilis\u00e9es de l&rsquo;une des mani\u00e8res suivantes :<\/p>\n\n<ul class=\"wp-block-list\">\n<li>Pour am\u00e9liorer notre site web (nous nous effor\u00e7ons continuellement d&rsquo;am\u00e9liorer les offres de notre site web sur la base des informations et des commentaires que nous recevons de votre part).<\/li>\n\n\n\n<li>Pour am\u00e9liorer le service \u00e0 la client\u00e8le (vos informations nous aident \u00e0 r\u00e9pondre plus efficacement \u00e0 vos demandes de service \u00e0 la client\u00e8le et \u00e0 vos besoins d&rsquo;assistance).<\/li>\n\n\n\n<li>Pour envoyer des bulletins d&rsquo;information occasionnels aux abonn\u00e9s (l&rsquo;adresse \u00e9lectronique que vous fournissez pour les bulletins d&rsquo;information sera utilis\u00e9e pour vous envoyer des courriels lorsqu&rsquo;un bulletin d&rsquo;information est publi\u00e9. Remarque : si vous souhaitez vous d\u00e9sabonner de notre lettre d&rsquo;information, vous trouverez des instructions de d\u00e9sabonnement d\u00e9taill\u00e9es au bas de chaque courriel).<\/li>\n<\/ul>\n\n<h3 class=\"wp-block-heading\">Utilisons-nous des cookies ?<\/h3>\n\n<p>Oui. Les cookies sont de petits fichiers qu&rsquo;un site ou son fournisseur de services transf\u00e8re sur le disque dur de votre ordinateur par l&rsquo;interm\u00e9diaire de votre navigateur web (si vous l&rsquo;autorisez), ce qui permet aux syst\u00e8mes des sites ou des fournisseurs de services de reconna\u00eetre votre navigateur et de capturer et m\u00e9moriser certaines informations. Nous utilisons des cookies pour compiler des donn\u00e9es globales sur le trafic et les interactions sur le site afin de pouvoir offrir de meilleures exp\u00e9riences et de meilleurs outils \u00e0 l&rsquo;avenir. Nous pouvons faire appel \u00e0 des prestataires de services tiers pour nous aider \u00e0 mieux comprendre les visiteurs de notre site. Ces prestataires de services ne sont pas autoris\u00e9s \u00e0 utiliser les informations collect\u00e9es en notre nom, sauf pour nous aider \u00e0 mener et \u00e0 am\u00e9liorer nos activit\u00e9s.    <\/p>\n\n<h3 class=\"wp-block-heading\">Divulguons-nous des informations \u00e0 des tiers ?<\/h3>\n\n<p>Nous ne vendons pas, n&rsquo;\u00e9changeons pas et ne transf\u00e9rons pas de quelque mani\u00e8re que ce soit \u00e0 des tiers vos informations personnelles identifiables. Cela n&rsquo;inclut pas les tiers de confiance qui nous aident \u00e0 exploiter notre site web, \u00e0 mener nos activit\u00e9s ou \u00e0 vous fournir des services, pour autant que ces parties acceptent de garder ces informations confidentielles. Nous pouvons \u00e9galement divulguer vos informations lorsque nous estimons qu&rsquo;il est appropri\u00e9 de le faire pour respecter la loi, appliquer les politiques de notre site ou prot\u00e9ger nos droits, notre propri\u00e9t\u00e9 ou notre s\u00e9curit\u00e9, ou ceux d&rsquo;autres personnes. Toutefois, les informations non personnellement identifiables concernant les visiteurs peuvent \u00eatre fournies \u00e0 d&rsquo;autres parties \u00e0 des fins de marketing, de publicit\u00e9 ou autres.   <\/p>\n\n<h3 class=\"wp-block-heading\">Liens avec des tiers<\/h3>\n\n<p>Occasionnellement, \u00e0 notre discr\u00e9tion, nous pouvons inclure ou offrir des produits ou services de tiers sur notre site web. Ces sites tiers ont des politiques de confidentialit\u00e9 distinctes et ind\u00e9pendantes. Nous ne sommes donc pas responsables du contenu et des activit\u00e9s de ces sites. N\u00e9anmoins, nous cherchons \u00e0 prot\u00e9ger l&rsquo;int\u00e9grit\u00e9 de notre site et nous accueillons volontiers tout retour d&rsquo;information concernant ces sites.   <\/p>\n\n<h3 class=\"wp-block-heading\">Politique de confidentialit\u00e9 des sites web en ligne uniquement<\/h3>\n\n<p>Cette politique de confidentialit\u00e9 en ligne ne s&rsquo;applique qu&rsquo;aux informations collect\u00e9es sur notre site web et non aux informations collect\u00e9es hors ligne.<\/p>\n\n<h3 class=\"wp-block-heading\">Votre consentement<\/h3>\n\n<p>En utilisant notre site, vous acceptez notre politique de confidentialit\u00e9.<\/p>\n\n<h3 class=\"wp-block-heading\">Modifications de notre politique de confidentialit\u00e9<\/h3>\n\n<p>Si nous modifions la politique de confidentialit\u00e9 de notre site web, nous publierons ces modifications sur cette page.<\/p>\n\n<h3 class=\"wp-block-heading\">Nous contacter<\/h3>\n\n<p>Si vous avez des questions concernant ces informations, veuillez nous contacter :<\/p>\n\n<p>Centres de sant\u00e9 communautaire de Kingston<br\/>263 Weller Ave. Unit 4,<br\/>Kingston ON<br\/>K7K 2V4<br\/>Email : <a href=\"mailto:info@kchc.ca\">info@kchc.ca<\/a> <\/p>\n","protected":false},"excerpt":{"rendered":"<p>Quelles sont les informations que nous recueillons ? Vous pouvez visiter notre site de mani\u00e8re anonyme. Toutefois, nous recueillons des informations vous concernant lorsque vous vous inscrivez \u00e0 nos mises \u00e0 jour par courrier \u00e9lectronique ou lorsque vous remplissez un formulaire. Lorsque vous vous inscrivez \u00e0 notre lettre d&rsquo;information ou que vous remplissez un formulaire [&hellip;]<\/p>\n","protected":false},"author":1,"featured_media":0,"parent":0,"menu_order":0,"comment_status":"closed","ping_status":"closed","template":"","meta":{"_acf_changed":false,"footnotes":""},"class_list":["post-3523","page","type-page","status-publish","hentry"],"acf":[],"yoast_head":"<!-- This site is optimized with the Yoast SEO plugin v27.3 - https:\/\/yoast.com\/product\/yoast-seo-wordpress\/ -->\n<title>Protection de la vie priv\u00e9e sur le site web - Centres de sant\u00e9 communautaires de Kingston<\/title>\n<meta name=\"robots\" content=\"index, follow, max-snippet:-1, max-image-preview:large, max-video-preview:-1\" \/>\n<link rel=\"canonical\" href=\"https:\/\/kchc.ca\/fr\/protection-de-la-vie-privee-sur-le-site-web\/\" \/>\n<meta property=\"og:locale\" content=\"fr_FR\" \/>\n<meta property=\"og:type\" content=\"article\" \/>\n<meta property=\"og:title\" content=\"Protection de la vie priv\u00e9e sur le site web - Centres de sant\u00e9 communautaires de Kingston\" \/>\n<meta property=\"og:description\" content=\"Quelles sont les informations que nous recueillons ? Vous pouvez visiter notre site de mani\u00e8re anonyme. Toutefois, nous recueillons des informations vous concernant lorsque vous vous inscrivez \u00e0 nos mises \u00e0 jour par courrier \u00e9lectronique ou lorsque vous remplissez un formulaire. Lorsque vous vous inscrivez \u00e0 notre lettre d&rsquo;information ou que vous remplissez un formulaire [&hellip;]\" \/>\n<meta property=\"og:url\" content=\"https:\/\/kchc.ca\/fr\/protection-de-la-vie-privee-sur-le-site-web\/\" \/>\n<meta property=\"og:site_name\" content=\"Centres de sant\u00e9 communautaires de Kingston\" \/>\n<meta property=\"article:publisher\" content=\"https:\/\/www.facebook.com\/KingstonCHC\/\" \/>\n<meta property=\"article:modified_time\" content=\"2025-04-15T15:38:55+00:00\" \/>\n<meta name=\"twitter:card\" content=\"summary_large_image\" \/>\n<meta name=\"twitter:site\" content=\"@KingstonCHC\" \/>\n<meta name=\"twitter:label1\" content=\"Dur\u00e9e de lecture estim\u00e9e\" \/>\n\t<meta name=\"twitter:data1\" content=\"3 minutes\" \/>\n<script type=\"application\/ld+json\" class=\"yoast-schema-graph\">{\"@context\":\"https:\\\/\\\/schema.org\",\"@graph\":[{\"@type\":\"WebPage\",\"@id\":\"https:\\\/\\\/kchc.ca\\\/fr\\\/protection-de-la-vie-privee-sur-le-site-web\\\/\",\"url\":\"https:\\\/\\\/kchc.ca\\\/fr\\\/protection-de-la-vie-privee-sur-le-site-web\\\/\",\"name\":\"Protection de la vie priv\u00e9e sur le site web - Centres de sant\u00e9 communautaires de Kingston\",\"isPartOf\":{\"@id\":\"https:\\\/\\\/kchc.ca\\\/fr\\\/#website\"},\"datePublished\":\"2024-04-16T11:34:37+00:00\",\"dateModified\":\"2025-04-15T15:38:55+00:00\",\"breadcrumb\":{\"@id\":\"https:\\\/\\\/kchc.ca\\\/fr\\\/protection-de-la-vie-privee-sur-le-site-web\\\/#breadcrumb\"},\"inLanguage\":\"fr-FR\",\"potentialAction\":[{\"@type\":\"ReadAction\",\"target\":[\"https:\\\/\\\/kchc.ca\\\/fr\\\/protection-de-la-vie-privee-sur-le-site-web\\\/\"]}]},{\"@type\":\"BreadcrumbList\",\"@id\":\"https:\\\/\\\/kchc.ca\\\/fr\\\/protection-de-la-vie-privee-sur-le-site-web\\\/#breadcrumb\",\"itemListElement\":[{\"@type\":\"ListItem\",\"position\":1,\"name\":\"Home\",\"item\":\"https:\\\/\\\/kchc.ca\\\/fr\\\/\"},{\"@type\":\"ListItem\",\"position\":2,\"name\":\"Protection de la vie priv\u00e9e sur le site web\"}]},{\"@type\":\"WebSite\",\"@id\":\"https:\\\/\\\/kchc.ca\\\/fr\\\/#website\",\"url\":\"https:\\\/\\\/kchc.ca\\\/fr\\\/\",\"name\":\"Kingston Community Health Centres\",\"description\":\"\",\"publisher\":{\"@id\":\"https:\\\/\\\/kchc.ca\\\/fr\\\/#organization\"},\"potentialAction\":[{\"@type\":\"SearchAction\",\"target\":{\"@type\":\"EntryPoint\",\"urlTemplate\":\"https:\\\/\\\/kchc.ca\\\/fr\\\/?s={search_term_string}\"},\"query-input\":{\"@type\":\"PropertyValueSpecification\",\"valueRequired\":true,\"valueName\":\"search_term_string\"}}],\"inLanguage\":\"fr-FR\"},{\"@type\":\"Organization\",\"@id\":\"https:\\\/\\\/kchc.ca\\\/fr\\\/#organization\",\"name\":\"Kingston Community Health Centres\",\"url\":\"https:\\\/\\\/kchc.ca\\\/fr\\\/\",\"logo\":{\"@type\":\"ImageObject\",\"inLanguage\":\"fr-FR\",\"@id\":\"https:\\\/\\\/kchc.ca\\\/fr\\\/#\\\/schema\\\/logo\\\/image\\\/\",\"url\":\"https:\\\/\\\/kchc.ca\\\/wp-content\\\/uploads\\\/2024\\\/06\\\/KCHC-logo.png\",\"contentUrl\":\"https:\\\/\\\/kchc.ca\\\/wp-content\\\/uploads\\\/2024\\\/06\\\/KCHC-logo.png\",\"width\":1096,\"height\":398,\"caption\":\"Kingston Community Health Centres\"},\"image\":{\"@id\":\"https:\\\/\\\/kchc.ca\\\/fr\\\/#\\\/schema\\\/logo\\\/image\\\/\"},\"sameAs\":[\"https:\\\/\\\/www.facebook.com\\\/KingstonCHC\\\/\",\"https:\\\/\\\/x.com\\\/KingstonCHC\"]}]}<\/script>\n<!-- \/ Yoast SEO plugin. -->","yoast_head_json":{"title":"Protection de la vie priv\u00e9e sur le site web - Centres de sant\u00e9 communautaires de Kingston","robots":{"index":"index","follow":"follow","max-snippet":"max-snippet:-1","max-image-preview":"max-image-preview:large","max-video-preview":"max-video-preview:-1"},"canonical":"https:\/\/kchc.ca\/fr\/protection-de-la-vie-privee-sur-le-site-web\/","og_locale":"fr_FR","og_type":"article","og_title":"Protection de la vie priv\u00e9e sur le site web - Centres de sant\u00e9 communautaires de Kingston","og_description":"Quelles sont les informations que nous recueillons ? Vous pouvez visiter notre site de mani\u00e8re anonyme. Toutefois, nous recueillons des informations vous concernant lorsque vous vous inscrivez \u00e0 nos mises \u00e0 jour par courrier \u00e9lectronique ou lorsque vous remplissez un formulaire. Lorsque vous vous inscrivez \u00e0 notre lettre d&rsquo;information ou que vous remplissez un formulaire [&hellip;]","og_url":"https:\/\/kchc.ca\/fr\/protection-de-la-vie-privee-sur-le-site-web\/","og_site_name":"Centres de sant\u00e9 communautaires de Kingston","article_publisher":"https:\/\/www.facebook.com\/KingstonCHC\/","article_modified_time":"2025-04-15T15:38:55+00:00","twitter_card":"summary_large_image","twitter_site":"@KingstonCHC","twitter_misc":{"Dur\u00e9e de lecture estim\u00e9e":"3 minutes"},"schema":{"@context":"https:\/\/schema.org","@graph":[{"@type":"WebPage","@id":"https:\/\/kchc.ca\/fr\/protection-de-la-vie-privee-sur-le-site-web\/","url":"https:\/\/kchc.ca\/fr\/protection-de-la-vie-privee-sur-le-site-web\/","name":"Protection de la vie priv\u00e9e sur le site web - Centres de sant\u00e9 communautaires de Kingston","isPartOf":{"@id":"https:\/\/kchc.ca\/fr\/#website"},"datePublished":"2024-04-16T11:34:37+00:00","dateModified":"2025-04-15T15:38:55+00:00","breadcrumb":{"@id":"https:\/\/kchc.ca\/fr\/protection-de-la-vie-privee-sur-le-site-web\/#breadcrumb"},"inLanguage":"fr-FR","potentialAction":[{"@type":"ReadAction","target":["https:\/\/kchc.ca\/fr\/protection-de-la-vie-privee-sur-le-site-web\/"]}]},{"@type":"BreadcrumbList","@id":"https:\/\/kchc.ca\/fr\/protection-de-la-vie-privee-sur-le-site-web\/#breadcrumb","itemListElement":[{"@type":"ListItem","position":1,"name":"Home","item":"https:\/\/kchc.ca\/fr\/"},{"@type":"ListItem","position":2,"name":"Protection de la vie priv\u00e9e sur le site web"}]},{"@type":"WebSite","@id":"https:\/\/kchc.ca\/fr\/#website","url":"https:\/\/kchc.ca\/fr\/","name":"Kingston Community Health Centres","description":"","publisher":{"@id":"https:\/\/kchc.ca\/fr\/#organization"},"potentialAction":[{"@type":"SearchAction","target":{"@type":"EntryPoint","urlTemplate":"https:\/\/kchc.ca\/fr\/?s={search_term_string}"},"query-input":{"@type":"PropertyValueSpecification","valueRequired":true,"valueName":"search_term_string"}}],"inLanguage":"fr-FR"},{"@type":"Organization","@id":"https:\/\/kchc.ca\/fr\/#organization","name":"Kingston Community Health Centres","url":"https:\/\/kchc.ca\/fr\/","logo":{"@type":"ImageObject","inLanguage":"fr-FR","@id":"https:\/\/kchc.ca\/fr\/#\/schema\/logo\/image\/","url":"https:\/\/kchc.ca\/wp-content\/uploads\/2024\/06\/KCHC-logo.png","contentUrl":"https:\/\/kchc.ca\/wp-content\/uploads\/2024\/06\/KCHC-logo.png","width":1096,"height":398,"caption":"Kingston Community Health Centres"},"image":{"@id":"https:\/\/kchc.ca\/fr\/#\/schema\/logo\/image\/"},"sameAs":["https:\/\/www.facebook.com\/KingstonCHC\/","https:\/\/x.com\/KingstonCHC"]}]}},"featured_image_src":null,"featured_image_src_square":null,"_links":{"self":[{"href":"https:\/\/kchc.ca\/fr\/wp-json\/wp\/v2\/pages\/3523","targetHints":{"allow":["GET"]}}],"collection":[{"href":"https:\/\/kchc.ca\/fr\/wp-json\/wp\/v2\/pages"}],"about":[{"href":"https:\/\/kchc.ca\/fr\/wp-json\/wp\/v2\/types\/page"}],"author":[{"embeddable":true,"href":"https:\/\/kchc.ca\/fr\/wp-json\/wp\/v2\/users\/1"}],"replies":[{"embeddable":true,"href":"https:\/\/kchc.ca\/fr\/wp-json\/wp\/v2\/comments?post=3523"}],"version-history":[{"count":1,"href":"https:\/\/kchc.ca\/fr\/wp-json\/wp\/v2\/pages\/3523\/revisions"}],"predecessor-version":[{"id":3524,"href":"https:\/\/kchc.ca\/fr\/wp-json\/wp\/v2\/pages\/3523\/revisions\/3524"}],"wp:attachment":[{"href":"https:\/\/kchc.ca\/fr\/wp-json\/wp\/v2\/media?parent=3523"}],"curies":[{"name":"wp","href":"https:\/\/api.w.org\/{rel}","templated":true}]}}