{"id":3525,"date":"2024-04-18T07:42:07","date_gmt":"2024-04-18T11:42:07","guid":{"rendered":"https:\/\/kchc.ca\/conditions-dutilisation-du-site-web\/"},"modified":"2025-04-15T11:39:51","modified_gmt":"2025-04-15T15:39:51","slug":"conditions-dutilisation-du-site-web","status":"publish","type":"page","link":"https:\/\/kchc.ca\/fr\/conditions-dutilisation-du-site-web\/","title":{"rendered":"Conditions d&rsquo;utilisation du site web"},"content":{"rendered":"\n<p>Le terme \u00ab\u00a0Kingston Community Health Centres\u00a0\u00bb ou \u00ab\u00a0KCHC\u00a0\u00bb ou \u00ab\u00a0nous\u00a0\u00bb d\u00e9signe le propri\u00e9taire de ce site web dont les bureaux sont situ\u00e9s au 263 Weller Ave. Unit 4, Kingston ON K7K 2V4 , Canada. Le terme \u00ab\u00a0vous\u00a0\u00bb d\u00e9signe l&rsquo;utilisateur ou le visiteur de notre site web.  <\/p>\n\n<p>L&rsquo;utilisation de ce site web est soumise aux conditions d&rsquo;utilisation suivantes :<\/p>\n\n<ul class=\"wp-block-list\">\n<li>Le contenu des pages de ce site web est destin\u00e9 \u00e0 votre information et \u00e0 votre utilisation g\u00e9n\u00e9rales uniquement. Il peut \u00eatre modifi\u00e9 sans pr\u00e9avis. <\/li>\n\n\n\n<li>Ni nous ni aucun tiers ne fournissons de garantie quant \u00e0 l&rsquo;exactitude, l&rsquo;actualit\u00e9, la performance, l&rsquo;exhaustivit\u00e9 ou l&rsquo;ad\u00e9quation des informations et du mat\u00e9riel trouv\u00e9s ou propos\u00e9s sur ce site web \u00e0 une fin particuli\u00e8re. Vous reconnaissez que ces informations et mat\u00e9riaux peuvent contenir des inexactitudes ou des erreurs et nous excluons express\u00e9ment toute responsabilit\u00e9 pour de telles inexactitudes ou erreurs dans toute la mesure permise par la loi. <\/li>\n\n\n\n<li>L&rsquo;utilisation des informations ou du mat\u00e9riel figurant sur ce site se fait enti\u00e8rement \u00e0 vos risques et p\u00e9rils, et nous n&rsquo;en sommes pas responsables. Il est de votre responsabilit\u00e9 de vous assurer que les produits, services ou informations disponibles sur ce site r\u00e9pondent \u00e0 vos besoins sp\u00e9cifiques. <\/li>\n\n\n\n<li>Ce site web contient du mat\u00e9riel qui nous appartient ou dont nous avons la licence. Ce mat\u00e9riel comprend, sans s&rsquo;y limiter, la conception, la mise en page, l&rsquo;aspect, l&rsquo;apparence, les graphiques et les textes. La reproduction est interdite, sauf en conformit\u00e9 avec l&rsquo;avis de droit d&rsquo;auteur, qui fait partie des pr\u00e9sentes conditions g\u00e9n\u00e9rales.  <\/li>\n\n\n\n<li>Toutes les marques reproduites sur ce site web qui ne sont pas la propri\u00e9t\u00e9 de l&rsquo;op\u00e9rateur ou qui ne lui ont pas \u00e9t\u00e9 conc\u00e9d\u00e9es sous licence sont reconnues sur le site web.<\/li>\n\n\n\n<li>L&rsquo;utilisation non autoris\u00e9e de ce site web peut donner lieu \u00e0 une demande de dommages-int\u00e9r\u00eats et\/ou constituer une infraction p\u00e9nale.<\/li>\n\n\n\n<li>De temps \u00e0 autre, ce site web peut \u00e9galement inclure des liens vers d&rsquo;autres sites web. Ces liens sont fournis pour votre commodit\u00e9 afin de vous donner de plus amples informations. Ils ne signifient pas que nous approuvons le(s) site(s) web. Nous ne sommes pas responsables du contenu de ces sites.   <\/li>\n\n\n\n<li>Votre utilisation de ce site web et tout litige r\u00e9sultant de cette utilisation sont soumis aux lois de l&rsquo;Ontario, Canada.<\/li>\n<\/ul>\n\n<h3 class=\"wp-block-heading\">Nous contacter<\/h3>\n\n<p>Si vous avez des questions concernant ces informations, veuillez nous contacter :<\/p>\n\n<p>Centres de sant\u00e9 communautaire de Kingston<br\/>263 Weller Ave. Unit 4,<br\/>Kingston ON<br\/>K7K 2V4<br\/>Email : <a href=\"mailto:info@kchc.ca\">info@kchc.ca<\/a> <\/p>\n","protected":false},"excerpt":{"rendered":"<p>Le terme \u00ab\u00a0Kingston Community Health Centres\u00a0\u00bb ou \u00ab\u00a0KCHC\u00a0\u00bb ou \u00ab\u00a0nous\u00a0\u00bb d\u00e9signe le propri\u00e9taire de ce site web dont les bureaux sont situ\u00e9s au 263 Weller Ave. Unit 4, Kingston ON K7K 2V4 , Canada. Le terme \u00ab\u00a0vous\u00a0\u00bb d\u00e9signe l&rsquo;utilisateur ou le visiteur de notre site web. L&rsquo;utilisation de ce site web est soumise aux conditions [&hellip;]<\/p>\n","protected":false},"author":1,"featured_media":0,"parent":0,"menu_order":0,"comment_status":"closed","ping_status":"closed","template":"","meta":{"_acf_changed":false,"footnotes":""},"class_list":["post-3525","page","type-page","status-publish","hentry"],"acf":[],"yoast_head":"<!-- This site is optimized with the Yoast SEO plugin v27.3 - https:\/\/yoast.com\/product\/yoast-seo-wordpress\/ -->\n<title>Conditions d&#039;utilisation du site web - Centres de sant\u00e9 communautaires de Kingston<\/title>\n<meta name=\"robots\" content=\"index, follow, max-snippet:-1, max-image-preview:large, max-video-preview:-1\" \/>\n<link rel=\"canonical\" href=\"https:\/\/kchc.ca\/fr\/conditions-dutilisation-du-site-web\/\" \/>\n<meta property=\"og:locale\" content=\"fr_FR\" \/>\n<meta property=\"og:type\" content=\"article\" \/>\n<meta property=\"og:title\" content=\"Conditions d&#039;utilisation du site web - Centres de sant\u00e9 communautaires de Kingston\" \/>\n<meta property=\"og:description\" content=\"Le terme \u00ab\u00a0Kingston Community Health Centres\u00a0\u00bb ou \u00ab\u00a0KCHC\u00a0\u00bb ou \u00ab\u00a0nous\u00a0\u00bb d\u00e9signe le propri\u00e9taire de ce site web dont les bureaux sont situ\u00e9s au 263 Weller Ave. Unit 4, Kingston ON K7K 2V4 , Canada. Le terme \u00ab\u00a0vous\u00a0\u00bb d\u00e9signe l&rsquo;utilisateur ou le visiteur de notre site web. L&rsquo;utilisation de ce site web est soumise aux conditions [&hellip;]\" \/>\n<meta property=\"og:url\" content=\"https:\/\/kchc.ca\/fr\/conditions-dutilisation-du-site-web\/\" \/>\n<meta property=\"og:site_name\" content=\"Centres de sant\u00e9 communautaires de Kingston\" \/>\n<meta property=\"article:publisher\" content=\"https:\/\/www.facebook.com\/KingstonCHC\/\" \/>\n<meta property=\"article:modified_time\" content=\"2025-04-15T15:39:51+00:00\" \/>\n<meta name=\"twitter:card\" content=\"summary_large_image\" \/>\n<meta name=\"twitter:site\" content=\"@KingstonCHC\" \/>\n<meta name=\"twitter:label1\" content=\"Dur\u00e9e de lecture estim\u00e9e\" \/>\n\t<meta name=\"twitter:data1\" content=\"2 minutes\" \/>\n<script type=\"application\/ld+json\" class=\"yoast-schema-graph\">{\"@context\":\"https:\\\/\\\/schema.org\",\"@graph\":[{\"@type\":\"WebPage\",\"@id\":\"https:\\\/\\\/kchc.ca\\\/fr\\\/conditions-dutilisation-du-site-web\\\/\",\"url\":\"https:\\\/\\\/kchc.ca\\\/fr\\\/conditions-dutilisation-du-site-web\\\/\",\"name\":\"Conditions d'utilisation du site web - Centres de sant\u00e9 communautaires de Kingston\",\"isPartOf\":{\"@id\":\"https:\\\/\\\/kchc.ca\\\/fr\\\/#website\"},\"datePublished\":\"2024-04-18T11:42:07+00:00\",\"dateModified\":\"2025-04-15T15:39:51+00:00\",\"breadcrumb\":{\"@id\":\"https:\\\/\\\/kchc.ca\\\/fr\\\/conditions-dutilisation-du-site-web\\\/#breadcrumb\"},\"inLanguage\":\"fr-FR\",\"potentialAction\":[{\"@type\":\"ReadAction\",\"target\":[\"https:\\\/\\\/kchc.ca\\\/fr\\\/conditions-dutilisation-du-site-web\\\/\"]}]},{\"@type\":\"BreadcrumbList\",\"@id\":\"https:\\\/\\\/kchc.ca\\\/fr\\\/conditions-dutilisation-du-site-web\\\/#breadcrumb\",\"itemListElement\":[{\"@type\":\"ListItem\",\"position\":1,\"name\":\"Home\",\"item\":\"https:\\\/\\\/kchc.ca\\\/fr\\\/\"},{\"@type\":\"ListItem\",\"position\":2,\"name\":\"Conditions d&#8217;utilisation du site web\"}]},{\"@type\":\"WebSite\",\"@id\":\"https:\\\/\\\/kchc.ca\\\/fr\\\/#website\",\"url\":\"https:\\\/\\\/kchc.ca\\\/fr\\\/\",\"name\":\"Kingston Community Health Centres\",\"description\":\"\",\"publisher\":{\"@id\":\"https:\\\/\\\/kchc.ca\\\/fr\\\/#organization\"},\"potentialAction\":[{\"@type\":\"SearchAction\",\"target\":{\"@type\":\"EntryPoint\",\"urlTemplate\":\"https:\\\/\\\/kchc.ca\\\/fr\\\/?s={search_term_string}\"},\"query-input\":{\"@type\":\"PropertyValueSpecification\",\"valueRequired\":true,\"valueName\":\"search_term_string\"}}],\"inLanguage\":\"fr-FR\"},{\"@type\":\"Organization\",\"@id\":\"https:\\\/\\\/kchc.ca\\\/fr\\\/#organization\",\"name\":\"Kingston Community Health Centres\",\"url\":\"https:\\\/\\\/kchc.ca\\\/fr\\\/\",\"logo\":{\"@type\":\"ImageObject\",\"inLanguage\":\"fr-FR\",\"@id\":\"https:\\\/\\\/kchc.ca\\\/fr\\\/#\\\/schema\\\/logo\\\/image\\\/\",\"url\":\"https:\\\/\\\/kchc.ca\\\/wp-content\\\/uploads\\\/2024\\\/06\\\/KCHC-logo.png\",\"contentUrl\":\"https:\\\/\\\/kchc.ca\\\/wp-content\\\/uploads\\\/2024\\\/06\\\/KCHC-logo.png\",\"width\":1096,\"height\":398,\"caption\":\"Kingston Community Health Centres\"},\"image\":{\"@id\":\"https:\\\/\\\/kchc.ca\\\/fr\\\/#\\\/schema\\\/logo\\\/image\\\/\"},\"sameAs\":[\"https:\\\/\\\/www.facebook.com\\\/KingstonCHC\\\/\",\"https:\\\/\\\/x.com\\\/KingstonCHC\"]}]}<\/script>\n<!-- \/ Yoast SEO plugin. -->","yoast_head_json":{"title":"Conditions d'utilisation du site web - Centres de sant\u00e9 communautaires de Kingston","robots":{"index":"index","follow":"follow","max-snippet":"max-snippet:-1","max-image-preview":"max-image-preview:large","max-video-preview":"max-video-preview:-1"},"canonical":"https:\/\/kchc.ca\/fr\/conditions-dutilisation-du-site-web\/","og_locale":"fr_FR","og_type":"article","og_title":"Conditions d'utilisation du site web - Centres de sant\u00e9 communautaires de Kingston","og_description":"Le terme \u00ab\u00a0Kingston Community Health Centres\u00a0\u00bb ou \u00ab\u00a0KCHC\u00a0\u00bb ou \u00ab\u00a0nous\u00a0\u00bb d\u00e9signe le propri\u00e9taire de ce site web dont les bureaux sont situ\u00e9s au 263 Weller Ave. Unit 4, Kingston ON K7K 2V4 , Canada. Le terme \u00ab\u00a0vous\u00a0\u00bb d\u00e9signe l&rsquo;utilisateur ou le visiteur de notre site web. L&rsquo;utilisation de ce site web est soumise aux conditions [&hellip;]","og_url":"https:\/\/kchc.ca\/fr\/conditions-dutilisation-du-site-web\/","og_site_name":"Centres de sant\u00e9 communautaires de Kingston","article_publisher":"https:\/\/www.facebook.com\/KingstonCHC\/","article_modified_time":"2025-04-15T15:39:51+00:00","twitter_card":"summary_large_image","twitter_site":"@KingstonCHC","twitter_misc":{"Dur\u00e9e de lecture estim\u00e9e":"2 minutes"},"schema":{"@context":"https:\/\/schema.org","@graph":[{"@type":"WebPage","@id":"https:\/\/kchc.ca\/fr\/conditions-dutilisation-du-site-web\/","url":"https:\/\/kchc.ca\/fr\/conditions-dutilisation-du-site-web\/","name":"Conditions d'utilisation du site web - Centres de sant\u00e9 communautaires de Kingston","isPartOf":{"@id":"https:\/\/kchc.ca\/fr\/#website"},"datePublished":"2024-04-18T11:42:07+00:00","dateModified":"2025-04-15T15:39:51+00:00","breadcrumb":{"@id":"https:\/\/kchc.ca\/fr\/conditions-dutilisation-du-site-web\/#breadcrumb"},"inLanguage":"fr-FR","potentialAction":[{"@type":"ReadAction","target":["https:\/\/kchc.ca\/fr\/conditions-dutilisation-du-site-web\/"]}]},{"@type":"BreadcrumbList","@id":"https:\/\/kchc.ca\/fr\/conditions-dutilisation-du-site-web\/#breadcrumb","itemListElement":[{"@type":"ListItem","position":1,"name":"Home","item":"https:\/\/kchc.ca\/fr\/"},{"@type":"ListItem","position":2,"name":"Conditions d&#8217;utilisation du site web"}]},{"@type":"WebSite","@id":"https:\/\/kchc.ca\/fr\/#website","url":"https:\/\/kchc.ca\/fr\/","name":"Kingston Community Health Centres","description":"","publisher":{"@id":"https:\/\/kchc.ca\/fr\/#organization"},"potentialAction":[{"@type":"SearchAction","target":{"@type":"EntryPoint","urlTemplate":"https:\/\/kchc.ca\/fr\/?s={search_term_string}"},"query-input":{"@type":"PropertyValueSpecification","valueRequired":true,"valueName":"search_term_string"}}],"inLanguage":"fr-FR"},{"@type":"Organization","@id":"https:\/\/kchc.ca\/fr\/#organization","name":"Kingston Community Health Centres","url":"https:\/\/kchc.ca\/fr\/","logo":{"@type":"ImageObject","inLanguage":"fr-FR","@id":"https:\/\/kchc.ca\/fr\/#\/schema\/logo\/image\/","url":"https:\/\/kchc.ca\/wp-content\/uploads\/2024\/06\/KCHC-logo.png","contentUrl":"https:\/\/kchc.ca\/wp-content\/uploads\/2024\/06\/KCHC-logo.png","width":1096,"height":398,"caption":"Kingston Community Health Centres"},"image":{"@id":"https:\/\/kchc.ca\/fr\/#\/schema\/logo\/image\/"},"sameAs":["https:\/\/www.facebook.com\/KingstonCHC\/","https:\/\/x.com\/KingstonCHC"]}]}},"featured_image_src":null,"featured_image_src_square":null,"_links":{"self":[{"href":"https:\/\/kchc.ca\/fr\/wp-json\/wp\/v2\/pages\/3525","targetHints":{"allow":["GET"]}}],"collection":[{"href":"https:\/\/kchc.ca\/fr\/wp-json\/wp\/v2\/pages"}],"about":[{"href":"https:\/\/kchc.ca\/fr\/wp-json\/wp\/v2\/types\/page"}],"author":[{"embeddable":true,"href":"https:\/\/kchc.ca\/fr\/wp-json\/wp\/v2\/users\/1"}],"replies":[{"embeddable":true,"href":"https:\/\/kchc.ca\/fr\/wp-json\/wp\/v2\/comments?post=3525"}],"version-history":[{"count":1,"href":"https:\/\/kchc.ca\/fr\/wp-json\/wp\/v2\/pages\/3525\/revisions"}],"predecessor-version":[{"id":3526,"href":"https:\/\/kchc.ca\/fr\/wp-json\/wp\/v2\/pages\/3525\/revisions\/3526"}],"wp:attachment":[{"href":"https:\/\/kchc.ca\/fr\/wp-json\/wp\/v2\/media?parent=3525"}],"curies":[{"name":"wp","href":"https:\/\/api.w.org\/{rel}","templated":true}]}}